{"id":20591,"date":"2024-08-31T10:44:06","date_gmt":"2024-08-31T13:44:06","guid":{"rendered":"http:\/\/www.jardindelacosta.com.uy\/?page_id=20591"},"modified":"2025-07-13T15:32:37","modified_gmt":"2025-07-13T18:32:37","slug":"promociones-cloned","status":"publish","type":"page","link":"https:\/\/www.jardindelacosta.com.uy\/?page_id=20591","title":{"rendered":"Misi\u00f3n"},"content":{"rendered":"<p><div class=\"fusion-fullwidth fullwidth-box fusion-builder-row-1 fusion-flex-container nonhundred-percent-fullwidth non-hundred-percent-height-scrolling\" style=\"--awb-background-position:center top;--awb-border-sizes-top:0px;--awb-border-sizes-bottom:0px;--awb-border-sizes-left:0px;--awb-border-sizes-right:0px;--awb-border-radius-top-left:0px;--awb-border-radius-top-right:0px;--awb-border-radius-bottom-right:0px;--awb-border-radius-bottom-left:0px;--awb-padding-top:0px;--awb-padding-bottom:0px;--awb-margin-top:0px;--awb-background-color:#efefef;--awb-flex-wrap:wrap;\" ><div class=\"fusion-builder-row fusion-row fusion-flex-align-items-flex-start fusion-flex-content-wrap\" style=\"max-width:1216.8px;margin-left: calc(-4% \/ 2 );margin-right: calc(-4% \/ 2 );\"><div class=\"fusion-layout-column fusion_builder_column fusion-builder-column-0 fusion_builder_column_1_1 1_1 fusion-flex-column\" style=\"--awb-bg-size:cover;--awb-width-large:100%;--awb-margin-top-large:15px;--awb-spacing-right-large:1.92%;--awb-margin-bottom-large:15px;--awb-spacing-left-large:1.92%;--awb-width-medium:100%;--awb-order-medium:0;--awb-spacing-right-medium:1.92%;--awb-spacing-left-medium:1.92%;--awb-width-small:100%;--awb-order-small:0;--awb-spacing-right-small:1.92%;--awb-spacing-left-small:1.92%;\"><div class=\"fusion-column-wrapper fusion-column-has-shadow fusion-flex-justify-content-flex-start fusion-content-layout-column\"><div class=\"fusion-image-element \" style=\"--awb-caption-title-font-family:var(--h2_typography-font-family);--awb-caption-title-font-weight:var(--h2_typography-font-weight);--awb-caption-title-font-style:var(--h2_typography-font-style);--awb-caption-title-size:var(--h2_typography-font-size);--awb-caption-title-transform:var(--h2_typography-text-transform);--awb-caption-title-line-height:var(--h2_typography-line-height);--awb-caption-title-letter-spacing:var(--h2_typography-letter-spacing);\"><span class=\" fusion-imageframe imageframe-none imageframe-1 hover-type-none\"><img decoding=\"async\" width=\"1500\" height=\"500\" title=\"IMG_6437\" src=\"https:\/\/www.jardindelacosta.com.uy\/wp-content\/uploads\/2025\/06\/IMG_6437.jpg\" data-orig-src=\"http:\/\/www.jardindelacosta.com.uy\/wp-content\/uploads\/2025\/06\/IMG_6437.jpg\" alt class=\"lazyload img-responsive wp-image-21761\" srcset=\"data:image\/svg+xml,%3Csvg%20xmlns%3D%27http%3A%2F%2Fwww.w3.org%2F2000%2Fsvg%27%20width%3D%271500%27%20height%3D%27500%27%20viewBox%3D%270%200%201500%20500%27%3E%3Crect%20width%3D%271500%27%20height%3D%27500%27%20fill-opacity%3D%220%22%2F%3E%3C%2Fsvg%3E\" data-srcset=\"https:\/\/www.jardindelacosta.com.uy\/wp-content\/uploads\/2025\/06\/IMG_6437-200x67.jpg 200w, https:\/\/www.jardindelacosta.com.uy\/wp-content\/uploads\/2025\/06\/IMG_6437-400x133.jpg 400w, https:\/\/www.jardindelacosta.com.uy\/wp-content\/uploads\/2025\/06\/IMG_6437-600x200.jpg 600w, https:\/\/www.jardindelacosta.com.uy\/wp-content\/uploads\/2025\/06\/IMG_6437-800x267.jpg 800w, https:\/\/www.jardindelacosta.com.uy\/wp-content\/uploads\/2025\/06\/IMG_6437-1200x400.jpg 1200w, https:\/\/www.jardindelacosta.com.uy\/wp-content\/uploads\/2025\/06\/IMG_6437.jpg 1500w\" data-sizes=\"auto\" data-orig-sizes=\"(max-width: 1024px) 100vw, (max-width: 640px) 100vw, 1200px\" \/><\/span><\/div><\/div><\/div><\/div><\/div><div class=\"fusion-fullwidth fullwidth-box fusion-builder-row-2 fusion-flex-container nonhundred-percent-fullwidth non-hundred-percent-height-scrolling\" style=\"--awb-background-position:left top;--awb-border-sizes-top:0px;--awb-border-sizes-bottom:0px;--awb-border-sizes-left:0px;--awb-border-sizes-right:0px;--awb-border-radius-top-left:0px;--awb-border-radius-top-right:0px;--awb-border-radius-bottom-right:0px;--awb-border-radius-bottom-left:0px;--awb-padding-top:80px;--awb-padding-bottom:0px;--awb-background-color:#efefef;--awb-flex-wrap:wrap;\" ><div class=\"fusion-builder-row fusion-row fusion-flex-align-items-flex-start fusion-flex-content-wrap\" style=\"max-width:calc( 1170px + 0px );margin-left: calc(-0px \/ 2 );margin-right: calc(-0px \/ 2 );\"><div class=\"fusion-layout-column fusion_builder_column fusion-builder-column-1 fusion_builder_column_1_1 1_1 fusion-flex-column fusion-flex-align-self-flex-start fusion-column-no-min-height\" style=\"--awb-bg-blend:overlay;--awb-bg-size:cover;--awb-width-large:100%;--awb-margin-top-large:0px;--awb-spacing-right-large:0px;--awb-margin-bottom-large:0px;--awb-spacing-left-large:0px;--awb-width-medium:100%;--awb-spacing-right-medium:0px;--awb-spacing-left-medium:0px;--awb-width-small:100%;--awb-spacing-right-small:0px;--awb-spacing-left-small:0px;\"><div class=\"fusion-column-wrapper fusion-flex-justify-content-flex-start fusion-content-layout-column\"><div class=\"fusion-text fusion-text-1\" style=\"--awb-margin-top:-60px;\"><p style=\"text-align: justify; \">Nuestra empresa se encuentra en Ciudad de la Costa, departamento de Canelones.<\/p>\n<p style=\"text-align: justify; \">Iniciamos nuestra actividad el 20 de Diciembre del a\u00f1o 2008 y en el transcurrir del tiempo apostamos a optimizar los procesos de trabajo, ampliando nuestra oferta de Productos para el Jard\u00edn y Servicios de Paisajismo buscando satisfacer las necesidades de nuestros clientes.<\/p>\n<p style=\"text-align: justify; \">Hoy estamos m\u00e1s fuertes que nunca, nos hemos transformado en el mayor Centro de Comercializaci\u00f3n y Asesoramiento de la ciudad en el \u00c1rea Verde, llegando a los distintos rincones del pa\u00eds.<\/p>\n<p style=\"text-align: justify; \">Tenemos un vivero que cuenta con todo lo que se necesita para decorar espacios interiores y exteriores. Dentro de nuestra oferta hay art\u00edculos nacionales e importados, adem\u00e1s contamos con productos de Producci\u00f3n Propia. Nos caracterizamos por tener un gran Stock de Productos para que nuestros clientes puedan elegir c\u00f3modamente.<\/p>\n<p style=\"text-align: justify; \">Realizamos Peque\u00f1os y Grandes Proyectos ya que contamos con el equipo y la infraestructura adecuada para desarrollarlos. Brindamos un amplio abanico de Servicios Profesionales de Paisajismo, para crear y mantener los espacios llenos de vida.<\/p>\n<p style=\"text-align: justify; \"><b>Algunos de nuestros servicios son:<\/b><\/p>\n<\/p>\n<div style=\"text-align: justify;\">\n<ul>\n<li><span style=\"font-size: 16px; letter-spacing: 0.225px; background-color: rgba(0, 0, 0, 0);\">Obras y paisajismo en edificios.<\/span><\/li>\n<li><span style=\"font-size: 16px; letter-spacing: 0.225px; background-color: rgba(0, 0, 0, 0);\">Paisajismo para empresas, dise\u00f1os comerciales y eventos.<\/span><\/li>\n<li><span style=\"font-size: 16px; letter-spacing: 0.225px; background-color: rgba(0, 0, 0, 0);\">Mantenimiento<\/span><\/li>\n<li><span style=\"font-size: 16px; letter-spacing: 0.225px; background-color: rgba(0, 0, 0, 0);\">Instalaci\u00f3n de c\u00e9sped y mantenimiento de campos deportivos.<\/span><\/li>\n<li><span style=\"font-size: 16px; letter-spacing: 0.225px; background-color: rgba(0, 0, 0, 0);\">Podas de altura<\/span><\/li>\n<\/ul>\n<\/div>\n<div style=\"text-align: justify;\"><span style=\"font-size: 16px; letter-spacing: 0.225px; background-color: rgba(0, 0, 0, 0);\">Contamos con alianzas y contactos internacionales que nos dan herramientas que nos diferencian, tanto en los productos y servicios que ofrecemos, como en el conocimiento que tenemos para asesorar a nuestros clientes. Nuestro equipo est\u00e1 en constante crecimiento y capacitaci\u00f3n, incorporamos personas con un perfil emprendedor y entusiastas del \u00e1rea verde.<\/span><\/div>\n<\/p>\n<h1 style=\"text-align: center;\">\u00a1Con\u00f3cenos!<\/h1>\n<\/div><\/div><\/div><\/div><\/div><\/p>\n","protected":false},"excerpt":{"rendered":"","protected":false},"author":1,"featured_media":0,"parent":0,"menu_order":0,"comment_status":"closed","ping_status":"closed","template":"100-width.php","meta":{"footnotes":""},"class_list":["post-20591","page","type-page","status-publish","hentry"],"jetpack_sharing_enabled":true,"_links":{"self":[{"href":"https:\/\/www.jardindelacosta.com.uy\/index.php?rest_route=\/wp\/v2\/pages\/20591","targetHints":{"allow":["GET"]}}],"collection":[{"href":"https:\/\/www.jardindelacosta.com.uy\/index.php?rest_route=\/wp\/v2\/pages"}],"about":[{"href":"https:\/\/www.jardindelacosta.com.uy\/index.php?rest_route=\/wp\/v2\/types\/page"}],"author":[{"embeddable":true,"href":"https:\/\/www.jardindelacosta.com.uy\/index.php?rest_route=\/wp\/v2\/users\/1"}],"replies":[{"embeddable":true,"href":"https:\/\/www.jardindelacosta.com.uy\/index.php?rest_route=%2Fwp%2Fv2%2Fcomments&post=20591"}],"version-history":[{"count":7,"href":"https:\/\/www.jardindelacosta.com.uy\/index.php?rest_route=\/wp\/v2\/pages\/20591\/revisions"}],"predecessor-version":[{"id":22245,"href":"https:\/\/www.jardindelacosta.com.uy\/index.php?rest_route=\/wp\/v2\/pages\/20591\/revisions\/22245"}],"wp:attachment":[{"href":"https:\/\/www.jardindelacosta.com.uy\/index.php?rest_route=%2Fwp%2Fv2%2Fmedia&parent=20591"}],"curies":[{"name":"wp","href":"https:\/\/api.w.org\/{rel}","templated":true}]}}