{"id":21923,"date":"2025-06-28T21:57:38","date_gmt":"2025-06-29T00:57:38","guid":{"rendered":"https:\/\/www.jardindelacosta.com.uy\/?page_id=21923"},"modified":"2025-09-02T20:54:55","modified_gmt":"2025-09-02T23:54:55","slug":"servicios","status":"publish","type":"page","link":"https:\/\/www.jardindelacosta.com.uy\/?page_id=21923","title":{"rendered":"Servicios"},"content":{"rendered":"<p><div class=\"fusion-fullwidth fullwidth-box fusion-builder-row-1 fusion-flex-container nonhundred-percent-fullwidth non-hundred-percent-height-scrolling\" style=\"--awb-border-radius-top-left:0px;--awb-border-radius-top-right:0px;--awb-border-radius-bottom-right:0px;--awb-border-radius-bottom-left:0px;--awb-background-color:#efefef;--awb-flex-wrap:wrap;\" ><div class=\"fusion-builder-row fusion-row fusion-flex-align-items-flex-start fusion-flex-content-wrap\" style=\"max-width:1216.8px;margin-left: calc(-4% \/ 2 );margin-right: calc(-4% \/ 2 );\"><div class=\"fusion-layout-column fusion_builder_column fusion-builder-column-0 fusion_builder_column_1_1 1_1 fusion-flex-column\" style=\"--awb-bg-color:#efefef;--awb-bg-color-hover:#efefef;--awb-bg-size:cover;--awb-width-large:100%;--awb-margin-top-large:0px;--awb-spacing-right-large:1.92%;--awb-margin-bottom-large:0px;--awb-spacing-left-large:1.92%;--awb-width-medium:100%;--awb-spacing-right-medium:1.92%;--awb-spacing-left-medium:1.92%;--awb-width-small:100%;--awb-spacing-right-small:1.92%;--awb-spacing-left-small:1.92%;\"><div class=\"fusion-column-wrapper fusion-flex-justify-content-flex-start fusion-content-layout-column\"><nav class=\"awb-menu awb-menu_row awb-menu_em-hover mobile-mode-always-expanded awb-menu_icons-left awb-menu_dc-yes mobile-trigger-fullwidth-off awb-menu_mobile-toggle awb-menu_indent-left loading mega-menu-loading awb-menu_desktop awb-menu_dropdown awb-menu_expand-right awb-menu_transition-fade\" style=\"--awb-margin-top:-30px;--awb-items-padding-right:40px;--awb-main-justify-content:flex-start;--awb-mobile-bg:#efefef;--awb-mobile-nav-items-height:40;--awb-mobile-justify:flex-start;--awb-mobile-caret-left:auto;--awb-mobile-caret-right:0;--awb-fusion-font-family-typography:inherit;--awb-fusion-font-style-typography:normal;--awb-fusion-font-weight-typography:400;--awb-fusion-font-family-submenu-typography:inherit;--awb-fusion-font-style-submenu-typography:normal;--awb-fusion-font-weight-submenu-typography:400;--awb-fusion-font-family-mobile-typography:inherit;--awb-fusion-font-style-mobile-typography:normal;--awb-fusion-font-weight-mobile-typography:400;\" aria-label=\"Estudio de Paisaje\" data-breakpoint=\"1024\" data-count=\"0\" data-transition-type=\"fade\" data-transition-time=\"300\" data-expand=\"right\"><button type=\"button\" class=\"awb-menu__m-toggle awb-menu__m-toggle_no-text\" aria-expanded=\"false\" aria-controls=\"menu-estudio-de-paisaje\"><span class=\"awb-menu__m-toggle-inner\"><span class=\"collapsed-nav-text\"><span class=\"screen-reader-text\">Toggle Navigation<\/span><\/span><span class=\"awb-menu__m-collapse-icon awb-menu__m-collapse-icon_no-text\"><span class=\"awb-menu__m-collapse-icon-open awb-menu__m-collapse-icon-open_no-text fa-bars fas\"><\/span><span class=\"awb-menu__m-collapse-icon-close awb-menu__m-collapse-icon-close_no-text fa-times fas\"><\/span><\/span><\/span><\/button><ul id=\"menu-estudio-de-paisaje\" class=\"fusion-menu awb-menu__main-ul awb-menu__main-ul_row\"><li  id=\"menu-item-21961\"  class=\"menu-item menu-item-type-post_type menu-item-object-page menu-item-21961 awb-menu__li awb-menu__main-li awb-menu__main-li_regular\"  data-item-id=\"21961\"><span class=\"awb-menu__main-background-default awb-menu__main-background-default_fade\"><\/span><span class=\"awb-menu__main-background-active awb-menu__main-background-active_fade\"><\/span><a  href=\"https:\/\/www.jardindelacosta.com.uy\/?page_id=21720\" class=\"awb-menu__main-a awb-menu__main-a_regular\"><span class=\"menu-text\">Inicio<\/span><\/a><\/li><li  id=\"menu-item-21925\"  class=\"menu-item menu-item-type-post_type menu-item-object-page menu-item-21925 awb-menu__li awb-menu__main-li awb-menu__main-li_regular\"  data-item-id=\"21925\"><span class=\"awb-menu__main-background-default awb-menu__main-background-default_fade\"><\/span><span class=\"awb-menu__main-background-active awb-menu__main-background-active_fade\"><\/span><a  href=\"https:\/\/www.jardindelacosta.com.uy\/?page_id=21923\" class=\"awb-menu__main-a awb-menu__main-a_regular\"><span class=\"menu-text\">Servicios<\/span><\/a><\/li><li  id=\"menu-item-21929\"  class=\"menu-item menu-item-type-post_type menu-item-object-page menu-item-21929 awb-menu__li awb-menu__main-li awb-menu__main-li_regular\"  data-item-id=\"21929\"><span class=\"awb-menu__main-background-default awb-menu__main-background-default_fade\"><\/span><span class=\"awb-menu__main-background-active awb-menu__main-background-active_fade\"><\/span><a  href=\"https:\/\/www.jardindelacosta.com.uy\/?page_id=21927\" class=\"awb-menu__main-a awb-menu__main-a_regular\"><span class=\"menu-text\">Equipo<\/span><\/a><\/li><li  id=\"menu-item-21941\"  class=\"menu-item menu-item-type-post_type menu-item-object-page menu-item-21941 awb-menu__li awb-menu__main-li awb-menu__main-li_regular\"  data-item-id=\"21941\"><span class=\"awb-menu__main-background-default awb-menu__main-background-default_fade\"><\/span><span class=\"awb-menu__main-background-active awb-menu__main-background-active_fade\"><\/span><a  href=\"https:\/\/www.jardindelacosta.com.uy\/?page_id=21938\" class=\"awb-menu__main-a awb-menu__main-a_regular\"><span class=\"menu-text\">Servicios de piezas gr\u00e1ficas<\/span><\/a><\/li><li  id=\"menu-item-21957\"  class=\"menu-item menu-item-type-post_type menu-item-object-page menu-item-21957 awb-menu__li awb-menu__main-li awb-menu__main-li_regular\"  data-item-id=\"21957\"><span class=\"awb-menu__main-background-default awb-menu__main-background-default_fade\"><\/span><span class=\"awb-menu__main-background-active awb-menu__main-background-active_fade\"><\/span><a  href=\"https:\/\/www.jardindelacosta.com.uy\/?page_id=21954\" class=\"awb-menu__main-a awb-menu__main-a_regular\"><span class=\"menu-text\">An\u00e1lisis de suelo<\/span><\/a><\/li><\/ul><\/nav><div class=\"fusion-separator fusion-full-width-sep\" style=\"align-self: center;margin-left: auto;margin-right: auto;margin-bottom:10px;width:100%;\"><div class=\"fusion-separator-border sep-shadow\" style=\"--awb-height:20px;--awb-amount:20px;--awb-sep-color:#000000;background:radial-gradient(ellipse at 50% -50% , #000000 0px, rgba(255, 255, 255, 0) 80%) repeat scroll 0 0 rgba(0, 0, 0, 0);background:-webkit-radial-gradient(ellipse at 50% -50% , #000000 0px, rgba(255, 255, 255, 0) 80%) repeat scroll 0 0 rgba(0, 0, 0, 0);background:-moz-radial-gradient(ellipse at 50% -50% , #000000 0px, rgba(255, 255, 255, 0) 80%) repeat scroll 0 0 rgba(0, 0, 0, 0);background:-o-radial-gradient(ellipse at 50% -50% , #000000 0px, rgba(255, 255, 255, 0) 80%) repeat scroll 0 0 rgba(0, 0, 0, 0);\"><\/div><\/div><\/div><\/div><\/div><\/div><div class=\"fusion-fullwidth fullwidth-box fusion-builder-row-2 fusion-flex-container nonhundred-percent-fullwidth non-hundred-percent-height-scrolling\" style=\"--awb-border-radius-top-left:0px;--awb-border-radius-top-right:0px;--awb-border-radius-bottom-right:0px;--awb-border-radius-bottom-left:0px;--awb-flex-wrap:wrap;\" ><div class=\"fusion-builder-row fusion-row fusion-flex-align-items-flex-start fusion-flex-content-wrap\" style=\"max-width:1216.8px;margin-left: calc(-4% \/ 2 );margin-right: calc(-4% \/ 2 );\"><div class=\"fusion-layout-column fusion_builder_column fusion-builder-column-1 fusion_builder_column_1_1 1_1 fusion-flex-column\" style=\"--awb-bg-color:#efefef;--awb-bg-color-hover:#efefef;--awb-bg-size:cover;--awb-width-large:100%;--awb-margin-top-large:0px;--awb-spacing-right-large:1.92%;--awb-margin-bottom-large:0px;--awb-spacing-left-large:1.92%;--awb-width-medium:100%;--awb-spacing-right-medium:1.92%;--awb-spacing-left-medium:1.92%;--awb-width-small:100%;--awb-spacing-right-small:1.92%;--awb-spacing-left-small:1.92%;\"><div class=\"fusion-column-wrapper fusion-flex-justify-content-flex-start fusion-content-layout-column\"><div class=\"fusion-text fusion-text-1\"><p style=\"text-align: justify;\"><strong style=\"font-size: 16px; letter-spacing: 0.225px;\">Asesoramiento Paisaj\u00edstico<\/strong><br \/><span style=\"font-size: 16px; letter-spacing: 0.225px;\">En nuestro estudio ofrecemos asesoramiento personalizado para transformar cualquier espacio exterior. Te guiamos en cada paso del proceso, desde la planificaci\u00f3n hasta la selecci\u00f3n de plantas y materiales, asegur\u00e1ndonos de que tu proyecto refleje tus necesidades y estilo. Con un enfoque integral y sostenible, creamos soluciones \u00fanicas que armonizan con el entorno y optimizan el uso del espacio.<\/span><\/p>\n<\/p>\n<div style=\"text-align: justify;\"><strong style=\"font-size: 16px; letter-spacing: 0.225px;\">Primera Visita<\/strong><\/div>\n<div style=\"text-align: justify;\"><span style=\"font-size: 16px; letter-spacing: 0.225px;\">Antes de comenzar con el dise\u00f1o de tu espacio, ofrecemos una primera visita para conocer tu jard\u00edn o terreno. Durante este encuentro, evaluamos el entorno, escuchamos tus ideas y necesidades, y discutimos c\u00f3mo podemos hacer realidad tu visi\u00f3n. Esta visita es clave para crear una propuesta de dise\u00f1o totalmente personalizada y adaptada a tus gustos, el espacio disponible y las caracter\u00edsticas del lugar.<\/span><\/div>\n<\/p>\n<div style=\"text-align: justify;\"><strong style=\"font-size: 16px; letter-spacing: 0.225px;\">Etapa de Dise\u00f1o del Anteproyecto<\/strong><\/div>\n<div style=\"text-align: justify;\"><span style=\"font-size: 16px; letter-spacing: 0.225px;\">En esta etapa, transformamos ideas en conceptos concretos. Trabajamos junto a ti para entender tus necesidades y visionar el espacio que deseas crear. Desarrollamos un anteproyecto de paisaje que incluye planos detallados, selecci\u00f3n de materiales, y propuestas de vegetaci\u00f3n, todo adaptado a tu estilo y al entorno. Nuestro objetivo es ofrecerte un dise\u00f1o que no solo sea est\u00e9ticamente atractivo, sino tambi\u00e9n funcional y sostenible, asegurando que cada elemento tenga un prop\u00f3sito dentro del espacio.<\/span><\/div>\n<\/p>\n<div style=\"text-align: justify;\"><strong style=\"font-size: 16px; letter-spacing: 0.225px;\">Etapa de Dise\u00f1o del Proyecto de Paisaje<\/strong><\/div>\n<div style=\"text-align: justify;\"><span style=\"font-size: 16px; letter-spacing: 0.225px;\">En esta fase, llevamos el anteproyecto a su m\u00e1xima expresi\u00f3n. Refinamos los detalles y desarrollamos un dise\u00f1o completo y detallado, que incluye planos definitivos, especificaciones de materiales, iluminaci\u00f3n y vegetaci\u00f3n. Cada elemento se elige cuidadosamente para garantizar la armon\u00eda del espacio y su funcionalidad a largo plazo.Nuestro objetivo es dise\u00f1ar espacios que no solo sean visualmente atractivos, sino tambi\u00e9n funcionales y en equilibrio con su entorno, garantizando un resultado que perdure en el tiempo y brinde una experiencia placentera al usuario.<\/span><\/div>\n<\/p>\n<div style=\"text-align: justify;\"><strong style=\"font-size: 16px; letter-spacing: 0.225px;\">Etapa de Direcci\u00f3n de Obra<\/strong><\/div>\n<div style=\"text-align: justify;\"><span style=\"font-size: 16px; letter-spacing: 0.225px;\">En la etapa de direcci\u00f3n de obra, nos encargamos de supervisar la ejecuci\u00f3n del dise\u00f1o, asegurando que todo se realice conforme al plan y con los m\u00e1s altos est\u00e1ndares de calidad. Coordinamos a los distintos profesionales, gestionamos los tiempos y controlamos los materiales para garantizar que cada detalle se lleve a cabo con precisi\u00f3n. Nuestro objetivo es que el resultado final sea fiel a la visi\u00f3n del proyecto, optimizando la eficiencia y manteniendo la calidad en cada fase de la construcci\u00f3n del paisaje.<\/span><\/div>\n<\/p>\n<div style=\"text-align: justify;\"><strong style=\"font-size: 16px; letter-spacing: 0.225px;\">Etapa de Ejecuci\u00f3n de Obra<\/strong><\/div>\n<div style=\"text-align: justify;\"><span style=\"font-size: 16px; letter-spacing: 0.225px;\">En esta fase, transformamos el dise\u00f1o en realidad. Coordinamos y supervisamos la implementaci\u00f3n de cada elemento del proyecto: desde la preparaci\u00f3n del terreno hasta la instalaci\u00f3n de luminarias, sistemas de riego y la plantaci\u00f3n de vegetaci\u00f3n. Nos aseguramos de que todo se ejecute con precisi\u00f3n, respetando el dise\u00f1o original y los plazos establecidos. Cada detalle es cuidado al m\u00e1ximo, garantizando que el resultado final sea un espacio funcional, sostenible y visualmente impactante.<\/span><\/div>\n<\/p>\n<div style=\"text-align: justify;\"><strong style=\"font-size: 16px; letter-spacing: 0.225px;\">Etapa de Final de Obra<\/strong><\/div>\n<div style=\"text-align: justify;\"><span style=\"font-size: 16px; letter-spacing: 0.225px;\">Al concluir la obra, realizamos una revisi\u00f3n exhaustiva para asegurarnos de que todo est\u00e9 seg\u00fan lo planeado. Verificamos que cada detalle est\u00e9 perfectamente ejecutado, desde la vegetaci\u00f3n hasta los sistemas de riego y las luminarias. Adem\u00e1s, realizamos los ajustes finales para garantizar la funcionalidad y est\u00e9tica del espacio. Nuestro objetivo es entregar un paisaje listo para disfrutar, con un resultado que no solo cumple, sino que supera las expectativas de nuestros clientes.<\/span><\/div>\n<\/p>\n<div style=\"text-align: justify;\"><strong style=\"font-size: 16px; letter-spacing: 0.225px;\">Etapa de Seguimiento Post-Obra<\/strong><\/div>\n<div style=\"text-align: justify;\"><span style=\"font-size: 16px; letter-spacing: 0.225px;\">Despu\u00e9s de finalizar la obra, realizamos un seguimiento durante las primeras semanas para asegurarnos que el espacio se mantenga en \u00f3ptimas condiciones. Durante este per\u00edodo, nos comunicamos con el cliente regularmente y, si fuera necesario, visitamos el proyecto para evaluar la salud de la vegetaci\u00f3n, el funcionamiento de los sistemas de riego y hacer ajustes. Nos aseguramos de que todo evolucione de manera adecuada, garantizando que tu paisaje contin\u00fae siendo funcional, sostenible y visualmente impactante.<\/span><\/div>\n<\/p>\n<div style=\"text-align: justify;\"><strong style=\"font-size: 16px; letter-spacing: 0.225px;\">Servicio de Mantenimiento de Espacios Verdes<\/strong><\/div>\n<div style=\"text-align: justify;\"><span style=\"font-size: 16px; letter-spacing: 0.225px;\">En nuestro estudio tambi\u00e9n ofrecemos servicios de mantenimiento para jardines, chacras y otros espacios verdes. Nos encargamos de cuidar tu paisaje a lo largo del tiempo, realizando tareas como poda, riego, control de plagas y fertilizaci\u00f3n, entre otras. Nuestro equipo se asegura de que tu espacio se mantenga saludable, armonioso y siempre en su mejor estado, permiti\u00e9ndote disfrutar de un entorno verde y vibrante todo el a\u00f1o.<\/span><\/div><\/p>\n<\/div><\/div><\/div><\/div><\/div><\/p>\n","protected":false},"excerpt":{"rendered":"","protected":false},"author":2258,"featured_media":21918,"parent":0,"menu_order":0,"comment_status":"closed","ping_status":"closed","template":"","meta":{"footnotes":""},"class_list":["post-21923","page","type-page","status-publish","has-post-thumbnail","hentry"],"jetpack_sharing_enabled":true,"_links":{"self":[{"href":"https:\/\/www.jardindelacosta.com.uy\/index.php?rest_route=\/wp\/v2\/pages\/21923","targetHints":{"allow":["GET"]}}],"collection":[{"href":"https:\/\/www.jardindelacosta.com.uy\/index.php?rest_route=\/wp\/v2\/pages"}],"about":[{"href":"https:\/\/www.jardindelacosta.com.uy\/index.php?rest_route=\/wp\/v2\/types\/page"}],"author":[{"embeddable":true,"href":"https:\/\/www.jardindelacosta.com.uy\/index.php?rest_route=\/wp\/v2\/users\/2258"}],"replies":[{"embeddable":true,"href":"https:\/\/www.jardindelacosta.com.uy\/index.php?rest_route=%2Fwp%2Fv2%2Fcomments&post=21923"}],"version-history":[{"count":8,"href":"https:\/\/www.jardindelacosta.com.uy\/index.php?rest_route=\/wp\/v2\/pages\/21923\/revisions"}],"predecessor-version":[{"id":22700,"href":"https:\/\/www.jardindelacosta.com.uy\/index.php?rest_route=\/wp\/v2\/pages\/21923\/revisions\/22700"}],"wp:featuredmedia":[{"embeddable":true,"href":"https:\/\/www.jardindelacosta.com.uy\/index.php?rest_route=\/wp\/v2\/media\/21918"}],"wp:attachment":[{"href":"https:\/\/www.jardindelacosta.com.uy\/index.php?rest_route=%2Fwp%2Fv2%2Fmedia&parent=21923"}],"curies":[{"name":"wp","href":"https:\/\/api.w.org\/{rel}","templated":true}]}}