{"id":21938,"date":"2025-06-28T22:38:24","date_gmt":"2025-06-29T01:38:24","guid":{"rendered":"https:\/\/www.jardindelacosta.com.uy\/?page_id=21938"},"modified":"2025-09-02T20:55:42","modified_gmt":"2025-09-02T23:55:42","slug":"servicios-de-piezas-graficas","status":"publish","type":"page","link":"https:\/\/www.jardindelacosta.com.uy\/?page_id=21938","title":{"rendered":"Servicios de piezas gr\u00e1ficas"},"content":{"rendered":"<p><div class=\"fusion-fullwidth fullwidth-box fusion-builder-row-1 fusion-flex-container nonhundred-percent-fullwidth non-hundred-percent-height-scrolling\" style=\"--awb-border-radius-top-left:0px;--awb-border-radius-top-right:0px;--awb-border-radius-bottom-right:0px;--awb-border-radius-bottom-left:0px;--awb-background-color:#efefef;--awb-flex-wrap:wrap;\" ><div class=\"fusion-builder-row fusion-row fusion-flex-align-items-flex-start fusion-flex-content-wrap\" style=\"max-width:1216.8px;margin-left: calc(-4% \/ 2 );margin-right: calc(-4% \/ 2 );\"><div class=\"fusion-layout-column fusion_builder_column fusion-builder-column-0 fusion_builder_column_1_1 1_1 fusion-flex-column\" style=\"--awb-bg-size:cover;--awb-width-large:100%;--awb-margin-top-large:15px;--awb-spacing-right-large:1.92%;--awb-margin-bottom-large:15px;--awb-spacing-left-large:1.92%;--awb-width-medium:100%;--awb-order-medium:0;--awb-spacing-right-medium:1.92%;--awb-spacing-left-medium:1.92%;--awb-width-small:100%;--awb-order-small:0;--awb-spacing-right-small:1.92%;--awb-spacing-left-small:1.92%;\"><div class=\"fusion-column-wrapper fusion-column-has-shadow fusion-flex-justify-content-flex-start fusion-content-layout-column\"><nav class=\"awb-menu awb-menu_row awb-menu_em-hover mobile-mode-always-expanded awb-menu_icons-left awb-menu_dc-yes mobile-trigger-fullwidth-off awb-menu_mobile-toggle awb-menu_indent-left loading mega-menu-loading awb-menu_desktop awb-menu_dropdown awb-menu_expand-right awb-menu_transition-fade\" style=\"--awb-margin-top:-40px;--awb-items-padding-right:40px;--awb-main-justify-content:flex-start;--awb-mobile-bg:#efefef;--awb-mobile-nav-items-height:40;--awb-mobile-justify:flex-start;--awb-mobile-caret-left:auto;--awb-mobile-caret-right:0;--awb-fusion-font-family-typography:inherit;--awb-fusion-font-style-typography:normal;--awb-fusion-font-weight-typography:400;--awb-fusion-font-family-submenu-typography:inherit;--awb-fusion-font-style-submenu-typography:normal;--awb-fusion-font-weight-submenu-typography:400;--awb-fusion-font-family-mobile-typography:inherit;--awb-fusion-font-style-mobile-typography:normal;--awb-fusion-font-weight-mobile-typography:400;\" aria-label=\"Estudio de Paisaje\" data-breakpoint=\"1024\" data-count=\"0\" data-transition-type=\"fade\" data-transition-time=\"300\" data-expand=\"right\"><button type=\"button\" class=\"awb-menu__m-toggle awb-menu__m-toggle_no-text\" aria-expanded=\"false\" aria-controls=\"menu-estudio-de-paisaje\"><span class=\"awb-menu__m-toggle-inner\"><span class=\"collapsed-nav-text\"><span class=\"screen-reader-text\">Toggle Navigation<\/span><\/span><span class=\"awb-menu__m-collapse-icon awb-menu__m-collapse-icon_no-text\"><span class=\"awb-menu__m-collapse-icon-open awb-menu__m-collapse-icon-open_no-text fa-bars fas\"><\/span><span class=\"awb-menu__m-collapse-icon-close awb-menu__m-collapse-icon-close_no-text fa-times fas\"><\/span><\/span><\/span><\/button><ul id=\"menu-estudio-de-paisaje\" class=\"fusion-menu awb-menu__main-ul awb-menu__main-ul_row\"><li  id=\"menu-item-21961\"  class=\"menu-item menu-item-type-post_type menu-item-object-page menu-item-21961 awb-menu__li awb-menu__main-li awb-menu__main-li_regular\"  data-item-id=\"21961\"><span class=\"awb-menu__main-background-default awb-menu__main-background-default_fade\"><\/span><span class=\"awb-menu__main-background-active awb-menu__main-background-active_fade\"><\/span><a  href=\"https:\/\/www.jardindelacosta.com.uy\/?page_id=21720\" class=\"awb-menu__main-a awb-menu__main-a_regular\"><span class=\"menu-text\">Inicio<\/span><\/a><\/li><li  id=\"menu-item-21925\"  class=\"menu-item menu-item-type-post_type menu-item-object-page menu-item-21925 awb-menu__li awb-menu__main-li awb-menu__main-li_regular\"  data-item-id=\"21925\"><span class=\"awb-menu__main-background-default awb-menu__main-background-default_fade\"><\/span><span class=\"awb-menu__main-background-active awb-menu__main-background-active_fade\"><\/span><a  href=\"https:\/\/www.jardindelacosta.com.uy\/?page_id=21923\" class=\"awb-menu__main-a awb-menu__main-a_regular\"><span class=\"menu-text\">Servicios<\/span><\/a><\/li><li  id=\"menu-item-21929\"  class=\"menu-item menu-item-type-post_type menu-item-object-page menu-item-21929 awb-menu__li awb-menu__main-li awb-menu__main-li_regular\"  data-item-id=\"21929\"><span class=\"awb-menu__main-background-default awb-menu__main-background-default_fade\"><\/span><span class=\"awb-menu__main-background-active awb-menu__main-background-active_fade\"><\/span><a  href=\"https:\/\/www.jardindelacosta.com.uy\/?page_id=21927\" class=\"awb-menu__main-a awb-menu__main-a_regular\"><span class=\"menu-text\">Equipo<\/span><\/a><\/li><li  id=\"menu-item-21941\"  class=\"menu-item menu-item-type-post_type menu-item-object-page menu-item-21941 awb-menu__li awb-menu__main-li awb-menu__main-li_regular\"  data-item-id=\"21941\"><span class=\"awb-menu__main-background-default awb-menu__main-background-default_fade\"><\/span><span class=\"awb-menu__main-background-active awb-menu__main-background-active_fade\"><\/span><a  href=\"https:\/\/www.jardindelacosta.com.uy\/?page_id=21938\" class=\"awb-menu__main-a awb-menu__main-a_regular\"><span class=\"menu-text\">Servicios de piezas gr\u00e1ficas<\/span><\/a><\/li><li  id=\"menu-item-21957\"  class=\"menu-item menu-item-type-post_type menu-item-object-page menu-item-21957 awb-menu__li awb-menu__main-li awb-menu__main-li_regular\"  data-item-id=\"21957\"><span class=\"awb-menu__main-background-default awb-menu__main-background-default_fade\"><\/span><span class=\"awb-menu__main-background-active awb-menu__main-background-active_fade\"><\/span><a  href=\"https:\/\/www.jardindelacosta.com.uy\/?page_id=21954\" class=\"awb-menu__main-a awb-menu__main-a_regular\"><span class=\"menu-text\">An\u00e1lisis de suelo<\/span><\/a><\/li><\/ul><\/nav><div class=\"fusion-separator fusion-full-width-sep\" style=\"align-self: center;margin-left: auto;margin-right: auto;margin-bottom:10px;width:100%;\"><div class=\"fusion-separator-border sep-shadow\" style=\"--awb-height:20px;--awb-amount:20px;--awb-sep-color:#000000;background:radial-gradient(ellipse at 50% -50% , #000000 0px, rgba(255, 255, 255, 0) 80%) repeat scroll 0 0 rgba(0, 0, 0, 0);background:-webkit-radial-gradient(ellipse at 50% -50% , #000000 0px, rgba(255, 255, 255, 0) 80%) repeat scroll 0 0 rgba(0, 0, 0, 0);background:-moz-radial-gradient(ellipse at 50% -50% , #000000 0px, rgba(255, 255, 255, 0) 80%) repeat scroll 0 0 rgba(0, 0, 0, 0);background:-o-radial-gradient(ellipse at 50% -50% , #000000 0px, rgba(255, 255, 255, 0) 80%) repeat scroll 0 0 rgba(0, 0, 0, 0);\"><\/div><\/div><\/div><\/div><\/div><\/div><div class=\"fusion-fullwidth fullwidth-box fusion-builder-row-2 fusion-flex-container nonhundred-percent-fullwidth non-hundred-percent-height-scrolling\" style=\"--awb-border-radius-top-left:0px;--awb-border-radius-top-right:0px;--awb-border-radius-bottom-right:0px;--awb-border-radius-bottom-left:0px;--awb-background-color:#efefef;--awb-flex-wrap:wrap;\" ><div class=\"fusion-builder-row fusion-row fusion-flex-align-items-flex-start fusion-flex-content-wrap\" style=\"max-width:1216.8px;margin-left: calc(-4% \/ 2 );margin-right: calc(-4% \/ 2 );\"><div class=\"fusion-layout-column fusion_builder_column fusion-builder-column-1 fusion_builder_column_1_1 1_1 fusion-flex-column\" style=\"--awb-bg-size:cover;--awb-width-large:100%;--awb-margin-top-large:0px;--awb-spacing-right-large:1.92%;--awb-margin-bottom-large:0px;--awb-spacing-left-large:1.92%;--awb-width-medium:100%;--awb-spacing-right-medium:1.92%;--awb-spacing-left-medium:1.92%;--awb-width-small:100%;--awb-spacing-right-small:1.92%;--awb-spacing-left-small:1.92%;\"><div class=\"fusion-column-wrapper fusion-flex-justify-content-flex-start fusion-content-layout-column\"><div class=\"fusion-text fusion-text-1\"><p style=\"text-align: justify; \"><strong>ESQUEMA<\/strong><\/p>\n<p style=\"text-align: justify; \">Gr\u00e1fico simplificado para representar las ideas clave del proyecto. Ej: circulaciones, jerarqu\u00edas, funciones y conceptos de dise\u00f1o.<\/p>\n<p style=\"text-align: justify; \"><strong>PLANO T\u00c9CNICO<\/strong><\/p>\n<p style=\"text-align: justify; \">Dibujo detallado del dise\u00f1o paisaj\u00edstico con informaci\u00f3n necesaria para la ejecuci\u00f3n. Puede incluir planos de plantaci\u00f3n con detalle de especies, densidades, marcos de plantaci\u00f3n; mobiliario a utilizar, pavimentos y otros componentes. Este paso es clave para el mantenimiento post obra.<\/p>\n<p style=\"text-align: justify; \"><strong>PLANO DE VENTA<\/strong><\/p>\n<p style=\"text-align: justify; \">Representaci\u00f3n gr\u00e1fica del proyecto pensada para presentar la propuesta a clientes o inversores. Se destacan los aspectos m\u00e1s visuales y fundamentales del dise\u00f1o, con informaci\u00f3n clara y simple.<\/p>\n<p style=\"text-align: justify; \"><strong>CORTE \/ VISTA 2D<\/strong><\/p>\n<p style=\"text-align: justify; \">Dibujo en dos dimensiones que permite ver secciones verticales y vistas del proyecto. Permite entender la relaci\u00f3n entre diferentes elementos del proyecto, alturas, pendientes y materiales a utilizar.<\/p>\n<p style=\"text-align: justify; \"><strong>FOTOMONTAJE<\/strong><\/p>\n<p style=\"text-align: justify; \">Composici\u00f3n visual que integra el dise\u00f1o proyectado en una fotograf\u00eda real del sitio. Permite visualizar la intervenci\u00f3n en su contexto actual real.<\/p>\n<p style=\"text-align: justify; \"><strong>MODELADO 3D<\/strong><\/p>\n<p style=\"text-align: justify; \">Construcci\u00f3n tridimensional digita modelado a partir de los planos del proyecto. Permite visualizar el dise\u00f1o con volumen, proporciones reales y espacialidad.<\/p>\n<p style=\"text-align: justify; \"><strong>RENDERIZADO<\/strong><\/p>\n<p style=\"text-align: justify; \">Imagen hiperrealista generada a partir del modelado 3D. Utiliza iluminaci\u00f3n, texturas y sombras para simular c\u00f3mo se va a ver el proyecto una vez construido.<\/p>\n<p style=\"text-align: justify; \"><strong>PRESENTACI\u00d3N PROYECTUAL<\/strong><\/p>\n<p style=\"text-align: justify; \">Conjunto de piezas gr\u00e1ficas y textos para presentar el proyecto de manera integral. Suele incluir planos, renders, esquemas y otros recursos visuales para comunicar la propuesta de manera clara y convincente.<\/p>\n<\/div><\/div><\/div><\/div><\/div><\/p>\n","protected":false},"excerpt":{"rendered":"","protected":false},"author":2258,"featured_media":21939,"parent":0,"menu_order":0,"comment_status":"closed","ping_status":"closed","template":"","meta":{"footnotes":""},"class_list":["post-21938","page","type-page","status-publish","has-post-thumbnail","hentry"],"jetpack_sharing_enabled":true,"_links":{"self":[{"href":"https:\/\/www.jardindelacosta.com.uy\/index.php?rest_route=\/wp\/v2\/pages\/21938","targetHints":{"allow":["GET"]}}],"collection":[{"href":"https:\/\/www.jardindelacosta.com.uy\/index.php?rest_route=\/wp\/v2\/pages"}],"about":[{"href":"https:\/\/www.jardindelacosta.com.uy\/index.php?rest_route=\/wp\/v2\/types\/page"}],"author":[{"embeddable":true,"href":"https:\/\/www.jardindelacosta.com.uy\/index.php?rest_route=\/wp\/v2\/users\/2258"}],"replies":[{"embeddable":true,"href":"https:\/\/www.jardindelacosta.com.uy\/index.php?rest_route=%2Fwp%2Fv2%2Fcomments&post=21938"}],"version-history":[{"count":13,"href":"https:\/\/www.jardindelacosta.com.uy\/index.php?rest_route=\/wp\/v2\/pages\/21938\/revisions"}],"predecessor-version":[{"id":22702,"href":"https:\/\/www.jardindelacosta.com.uy\/index.php?rest_route=\/wp\/v2\/pages\/21938\/revisions\/22702"}],"wp:featuredmedia":[{"embeddable":true,"href":"https:\/\/www.jardindelacosta.com.uy\/index.php?rest_route=\/wp\/v2\/media\/21939"}],"wp:attachment":[{"href":"https:\/\/www.jardindelacosta.com.uy\/index.php?rest_route=%2Fwp%2Fv2%2Fmedia&parent=21938"}],"curies":[{"name":"wp","href":"https:\/\/api.w.org\/{rel}","templated":true}]}}