{"id":21989,"date":"2025-07-01T00:13:10","date_gmt":"2025-07-01T03:13:10","guid":{"rendered":"https:\/\/www.jardindelacosta.com.uy\/?page_id=21989"},"modified":"2025-07-10T00:26:17","modified_gmt":"2025-07-10T03:26:17","slug":"juan-rolando","status":"publish","type":"page","link":"https:\/\/www.jardindelacosta.com.uy\/?page_id=21989","title":{"rendered":"Juan Rolando"},"content":{"rendered":"<p><div class=\"fusion-fullwidth fullwidth-box fusion-builder-row-1 fusion-flex-container nonhundred-percent-fullwidth non-hundred-percent-height-scrolling\" style=\"--awb-border-radius-top-left:0px;--awb-border-radius-top-right:0px;--awb-border-radius-bottom-right:0px;--awb-border-radius-bottom-left:0px;--awb-background-color:#efefef;--awb-flex-wrap:wrap;\" ><div class=\"fusion-builder-row fusion-row fusion-flex-align-items-flex-start fusion-flex-content-wrap\" style=\"max-width:1216.8px;margin-left: calc(-4% \/ 2 );margin-right: calc(-4% \/ 2 );\"><div class=\"fusion-layout-column fusion_builder_column fusion-builder-column-0 fusion_builder_column_1_1 1_1 fusion-flex-column\" style=\"--awb-bg-blend:overlay;--awb-bg-size:cover;--awb-width-large:100%;--awb-margin-top-large:0px;--awb-spacing-right-large:1.92%;--awb-margin-bottom-large:0px;--awb-spacing-left-large:1.92%;--awb-width-medium:100%;--awb-spacing-right-medium:1.92%;--awb-spacing-left-medium:1.92%;--awb-width-small:100%;--awb-spacing-right-small:1.92%;--awb-spacing-left-small:1.92%;\"><div class=\"fusion-column-wrapper fusion-flex-justify-content-flex-start fusion-content-layout-column\"><nav class=\"awb-menu awb-menu_row awb-menu_em-hover mobile-mode-always-expanded awb-menu_icons-left awb-menu_dc-yes mobile-trigger-fullwidth-off awb-menu_mobile-toggle awb-menu_indent-left loading mega-menu-loading awb-menu_desktop awb-menu_dropdown awb-menu_expand-right awb-menu_transition-fade\" style=\"--awb-margin-top:-30px;--awb-items-padding-right:40px;--awb-main-justify-content:flex-start;--awb-mobile-nav-items-height:40;--awb-mobile-justify:flex-start;--awb-mobile-caret-left:auto;--awb-mobile-caret-right:0;--awb-fusion-font-family-typography:inherit;--awb-fusion-font-style-typography:normal;--awb-fusion-font-weight-typography:400;--awb-fusion-font-family-submenu-typography:inherit;--awb-fusion-font-style-submenu-typography:normal;--awb-fusion-font-weight-submenu-typography:400;--awb-fusion-font-family-mobile-typography:inherit;--awb-fusion-font-style-mobile-typography:normal;--awb-fusion-font-weight-mobile-typography:400;\" aria-label=\"Estudio de Paisaje\" data-breakpoint=\"1024\" data-count=\"0\" data-transition-type=\"fade\" data-transition-time=\"300\" data-expand=\"right\"><button type=\"button\" class=\"awb-menu__m-toggle awb-menu__m-toggle_no-text\" aria-expanded=\"false\" aria-controls=\"menu-estudio-de-paisaje\"><span class=\"awb-menu__m-toggle-inner\"><span class=\"collapsed-nav-text\"><span class=\"screen-reader-text\">Toggle Navigation<\/span><\/span><span class=\"awb-menu__m-collapse-icon awb-menu__m-collapse-icon_no-text\"><span class=\"awb-menu__m-collapse-icon-open awb-menu__m-collapse-icon-open_no-text fa-bars fas\"><\/span><span class=\"awb-menu__m-collapse-icon-close awb-menu__m-collapse-icon-close_no-text fa-times fas\"><\/span><\/span><\/span><\/button><ul id=\"menu-estudio-de-paisaje\" class=\"fusion-menu awb-menu__main-ul awb-menu__main-ul_row\"><li  id=\"menu-item-21961\"  class=\"menu-item menu-item-type-post_type menu-item-object-page menu-item-21961 awb-menu__li awb-menu__main-li awb-menu__main-li_regular\"  data-item-id=\"21961\"><span class=\"awb-menu__main-background-default awb-menu__main-background-default_fade\"><\/span><span class=\"awb-menu__main-background-active awb-menu__main-background-active_fade\"><\/span><a  href=\"https:\/\/www.jardindelacosta.com.uy\/?page_id=21720\" class=\"awb-menu__main-a awb-menu__main-a_regular\"><span class=\"menu-text\">Inicio<\/span><\/a><\/li><li  id=\"menu-item-21925\"  class=\"menu-item menu-item-type-post_type menu-item-object-page menu-item-21925 awb-menu__li awb-menu__main-li awb-menu__main-li_regular\"  data-item-id=\"21925\"><span class=\"awb-menu__main-background-default awb-menu__main-background-default_fade\"><\/span><span class=\"awb-menu__main-background-active awb-menu__main-background-active_fade\"><\/span><a  href=\"https:\/\/www.jardindelacosta.com.uy\/?page_id=21923\" class=\"awb-menu__main-a awb-menu__main-a_regular\"><span class=\"menu-text\">Servicios<\/span><\/a><\/li><li  id=\"menu-item-21929\"  class=\"menu-item menu-item-type-post_type menu-item-object-page menu-item-21929 awb-menu__li awb-menu__main-li awb-menu__main-li_regular\"  data-item-id=\"21929\"><span class=\"awb-menu__main-background-default awb-menu__main-background-default_fade\"><\/span><span class=\"awb-menu__main-background-active awb-menu__main-background-active_fade\"><\/span><a  href=\"https:\/\/www.jardindelacosta.com.uy\/?page_id=21927\" class=\"awb-menu__main-a awb-menu__main-a_regular\"><span class=\"menu-text\">Equipo<\/span><\/a><\/li><li  id=\"menu-item-21941\"  class=\"menu-item menu-item-type-post_type menu-item-object-page menu-item-21941 awb-menu__li awb-menu__main-li awb-menu__main-li_regular\"  data-item-id=\"21941\"><span class=\"awb-menu__main-background-default awb-menu__main-background-default_fade\"><\/span><span class=\"awb-menu__main-background-active awb-menu__main-background-active_fade\"><\/span><a  href=\"https:\/\/www.jardindelacosta.com.uy\/?page_id=21938\" class=\"awb-menu__main-a awb-menu__main-a_regular\"><span class=\"menu-text\">Servicios de piezas gr\u00e1ficas<\/span><\/a><\/li><li  id=\"menu-item-21957\"  class=\"menu-item menu-item-type-post_type menu-item-object-page menu-item-21957 awb-menu__li awb-menu__main-li awb-menu__main-li_regular\"  data-item-id=\"21957\"><span class=\"awb-menu__main-background-default awb-menu__main-background-default_fade\"><\/span><span class=\"awb-menu__main-background-active awb-menu__main-background-active_fade\"><\/span><a  href=\"https:\/\/www.jardindelacosta.com.uy\/?page_id=21954\" class=\"awb-menu__main-a awb-menu__main-a_regular\"><span class=\"menu-text\">An\u00e1lisis de suelo<\/span><\/a><\/li><\/ul><\/nav><div class=\"fusion-separator fusion-full-width-sep\" style=\"align-self: center;margin-left: auto;margin-right: auto;margin-bottom:10px;width:100%;\"><div class=\"fusion-separator-border sep-shadow\" style=\"--awb-height:20px;--awb-amount:20px;--awb-sep-color:#000000;background:radial-gradient(ellipse at 50% -50% , #000000 0px, rgba(255, 255, 255, 0) 80%) repeat scroll 0 0 rgba(0, 0, 0, 0);background:-webkit-radial-gradient(ellipse at 50% -50% , #000000 0px, rgba(255, 255, 255, 0) 80%) repeat scroll 0 0 rgba(0, 0, 0, 0);background:-moz-radial-gradient(ellipse at 50% -50% , #000000 0px, rgba(255, 255, 255, 0) 80%) repeat scroll 0 0 rgba(0, 0, 0, 0);background:-o-radial-gradient(ellipse at 50% -50% , #000000 0px, rgba(255, 255, 255, 0) 80%) repeat scroll 0 0 rgba(0, 0, 0, 0);\"><\/div><\/div><\/div><\/div><\/div><\/div><div class=\"fusion-fullwidth fullwidth-box fusion-builder-row-2 fusion-flex-container nonhundred-percent-fullwidth non-hundred-percent-height-scrolling\" style=\"--awb-border-radius-top-left:0px;--awb-border-radius-top-right:0px;--awb-border-radius-bottom-right:0px;--awb-border-radius-bottom-left:0px;--awb-background-color:#efefef;--awb-flex-wrap:wrap;\" ><div class=\"fusion-builder-row fusion-row fusion-flex-align-items-flex-start fusion-flex-content-wrap\" style=\"max-width:1216.8px;margin-left: calc(-4% \/ 2 );margin-right: calc(-4% \/ 2 );\"><div class=\"fusion-layout-column fusion_builder_column fusion-builder-column-1 fusion_builder_column_1_1 1_1 fusion-flex-column\" style=\"--awb-bg-blend:overlay;--awb-bg-size:cover;--awb-width-large:100%;--awb-margin-top-large:0px;--awb-spacing-right-large:1.92%;--awb-margin-bottom-large:0px;--awb-spacing-left-large:1.92%;--awb-width-medium:100%;--awb-spacing-right-medium:1.92%;--awb-spacing-left-medium:1.92%;--awb-width-small:100%;--awb-spacing-right-small:1.92%;--awb-spacing-left-small:1.92%;\"><div class=\"fusion-column-wrapper fusion-flex-justify-content-flex-start fusion-content-layout-column\"><div class=\"fusion-text fusion-text-1\"><p><img decoding=\"async\" class=\"lazyload alignleft wp-image-21934\" style=\"text-align: justify;\" src=\"http:\/\/www.jardindelacosta.com.uy\/wp-content\/uploads\/2025\/06\/IMG_6575-scaled.jpg\" data-orig-src=\"http:\/\/www.jardindelacosta.com.uy\/wp-content\/uploads\/2025\/06\/IMG_6575-scaled.jpg\" alt=\"\" width=\"200\" height=\"267\" srcset=\"data:image\/svg+xml,%3Csvg%20xmlns%3D%27http%3A%2F%2Fwww.w3.org%2F2000%2Fsvg%27%20width%3D%27200%27%20height%3D%27267%27%20viewBox%3D%270%200%20200%20267%27%3E%3Crect%20width%3D%27200%27%20height%3D%27267%27%20fill-opacity%3D%220%22%2F%3E%3C%2Fsvg%3E\" data-srcset=\"https:\/\/www.jardindelacosta.com.uy\/wp-content\/uploads\/2025\/06\/IMG_6575-9x12.jpg 9w, https:\/\/www.jardindelacosta.com.uy\/wp-content\/uploads\/2025\/06\/IMG_6575-200x267.jpg 200w, https:\/\/www.jardindelacosta.com.uy\/wp-content\/uploads\/2025\/06\/IMG_6575-400x534.jpg 400w, https:\/\/www.jardindelacosta.com.uy\/wp-content\/uploads\/2025\/06\/IMG_6575-450x600.jpg 450w, https:\/\/www.jardindelacosta.com.uy\/wp-content\/uploads\/2025\/06\/IMG_6575-500x667.jpg 500w, https:\/\/www.jardindelacosta.com.uy\/wp-content\/uploads\/2025\/06\/IMG_6575-540x720.jpg 540w, https:\/\/www.jardindelacosta.com.uy\/wp-content\/uploads\/2025\/06\/IMG_6575-600x800.jpg 600w, https:\/\/www.jardindelacosta.com.uy\/wp-content\/uploads\/2025\/06\/IMG_6575-700x934.jpg 700w, https:\/\/www.jardindelacosta.com.uy\/wp-content\/uploads\/2025\/06\/IMG_6575-768x1025.jpg 768w, https:\/\/www.jardindelacosta.com.uy\/wp-content\/uploads\/2025\/06\/IMG_6575-800x1067.jpg 800w, https:\/\/www.jardindelacosta.com.uy\/wp-content\/uploads\/2025\/06\/IMG_6575-1151x1536.jpg 1151w, https:\/\/www.jardindelacosta.com.uy\/wp-content\/uploads\/2025\/06\/IMG_6575-1200x1601.jpg 1200w, https:\/\/www.jardindelacosta.com.uy\/wp-content\/uploads\/2025\/06\/IMG_6575-1320x1761.jpg 1320w, https:\/\/www.jardindelacosta.com.uy\/wp-content\/uploads\/2025\/06\/IMG_6575-1535x2048.jpg 1535w, https:\/\/www.jardindelacosta.com.uy\/wp-content\/uploads\/2025\/06\/IMG_6575-scaled.jpg 1919w\" data-sizes=\"auto\" data-orig-sizes=\"(max-width: 200px) 100vw, 200px\" \/><\/p>\n<div style=\"text-align: justify;\">\n<p>Director y Encargado de Proyectos y Obras, con una s\u00f3lida formaci\u00f3n acad\u00e9mica en Agronom\u00eda y una especializaci\u00f3n como T\u00e9cnico Paisajista, ofrecemos proyectos que respeten tanto el entorno natural como las necesidades particulares de cada cliente, un espacio dedicado a la creaci\u00f3n de soluciones integrales, sostenibles y de alta calidad para el dise\u00f1o y la gesti\u00f3n de espacios verdes.<\/p>\n<p>Mi trayectoria profesional est\u00e1 enriquecida por mi pertenencia a los grupos GADE de ACDE, donde colaboro con expertos en la promoci\u00f3n de pr\u00e1cticas empresariales responsables, centradas en la sostenibilidad y el desarrollo integral. Adem\u00e1s, cuento con experiencia en el \u00e1mbito educativo, habiendo sido docente en nivel secundario, lo que me ha permitido transmitir a las nuevas generaciones el valor del paisaje y la importancia de un enfoque ecol\u00f3gico en la gesti\u00f3n de los recursos naturales.<\/p>\n<p>A lo largo de mi carrera tambi\u00e9n he desarrollado una importante experiencia como empresario pyme en los sectores agropecuario y de materiales para la construcci\u00f3n. Esta experiencia me ha proporcionado una visi\u00f3n integral y pr\u00e1ctica de la gesti\u00f3n eficiente de los recursos, as\u00ed como de la planificaci\u00f3n de proyectos que buscan el equilibrio entre la funcionalidad, la est\u00e9tica y la sostenibilidad ambiental.<\/p>\n<p>Cada proyecto que desarrollamos es \u00fanico, y trabajamos en estrecha colaboraci\u00f3n con nuestros clientes para transformar sus ideas en espacios verdes que no solo sean funcionales y est\u00e9ticamente agradables, sino tambi\u00e9n respetuosos con el medio ambiente. Desde jardines residenciales hasta proyectos urbanos de mayor escala, nuestra misi\u00f3n es ofrecer soluciones personalizadas que contribuyan al bienestar de las personas y al cuidado del entorno natural. Nos dedicamos a generar un impacto positivo a largo plazo, creando espacios verdes que mejoren la calidad de vida de las comunidades y contribuyan al equilibrio ecol\u00f3gico.<\/p>\n<\/div>\n<\/div><\/div><\/div><\/div><\/div><\/p>\n","protected":false},"excerpt":{"rendered":"","protected":false},"author":2258,"featured_media":21930,"parent":0,"menu_order":0,"comment_status":"closed","ping_status":"closed","template":"","meta":{"footnotes":""},"class_list":["post-21989","page","type-page","status-publish","has-post-thumbnail","hentry"],"jetpack_sharing_enabled":true,"_links":{"self":[{"href":"https:\/\/www.jardindelacosta.com.uy\/index.php?rest_route=\/wp\/v2\/pages\/21989","targetHints":{"allow":["GET"]}}],"collection":[{"href":"https:\/\/www.jardindelacosta.com.uy\/index.php?rest_route=\/wp\/v2\/pages"}],"about":[{"href":"https:\/\/www.jardindelacosta.com.uy\/index.php?rest_route=\/wp\/v2\/types\/page"}],"author":[{"embeddable":true,"href":"https:\/\/www.jardindelacosta.com.uy\/index.php?rest_route=\/wp\/v2\/users\/2258"}],"replies":[{"embeddable":true,"href":"https:\/\/www.jardindelacosta.com.uy\/index.php?rest_route=%2Fwp%2Fv2%2Fcomments&post=21989"}],"version-history":[{"count":12,"href":"https:\/\/www.jardindelacosta.com.uy\/index.php?rest_route=\/wp\/v2\/pages\/21989\/revisions"}],"predecessor-version":[{"id":22222,"href":"https:\/\/www.jardindelacosta.com.uy\/index.php?rest_route=\/wp\/v2\/pages\/21989\/revisions\/22222"}],"wp:featuredmedia":[{"embeddable":true,"href":"https:\/\/www.jardindelacosta.com.uy\/index.php?rest_route=\/wp\/v2\/media\/21930"}],"wp:attachment":[{"href":"https:\/\/www.jardindelacosta.com.uy\/index.php?rest_route=%2Fwp%2Fv2%2Fmedia&parent=21989"}],"curies":[{"name":"wp","href":"https:\/\/api.w.org\/{rel}","templated":true}]}}