{"id":22234,"date":"2025-07-13T15:13:55","date_gmt":"2025-07-13T18:13:55","guid":{"rendered":"https:\/\/www.jardindelacosta.com.uy\/?page_id=22234"},"modified":"2025-07-13T15:31:56","modified_gmt":"2025-07-13T18:31:56","slug":"trabaja-con-nosotros","status":"publish","type":"page","link":"https:\/\/www.jardindelacosta.com.uy\/?page_id=22234","title":{"rendered":"Trabaja con nosotros"},"content":{"rendered":"<p><div class=\"fusion-fullwidth fullwidth-box fusion-builder-row-1 fusion-flex-container nonhundred-percent-fullwidth non-hundred-percent-height-scrolling\" style=\"--awb-background-position:center top;--awb-border-sizes-top:0px;--awb-border-sizes-bottom:0px;--awb-border-sizes-left:0px;--awb-border-sizes-right:0px;--awb-border-radius-top-left:0px;--awb-border-radius-top-right:0px;--awb-border-radius-bottom-right:0px;--awb-border-radius-bottom-left:0px;--awb-padding-top:0px;--awb-padding-bottom:0px;--awb-margin-top:0px;--awb-background-color:#efefef;--awb-flex-wrap:wrap;\" ><div class=\"fusion-builder-row fusion-row fusion-flex-align-items-flex-start fusion-flex-content-wrap\" style=\"max-width:1216.8px;margin-left: calc(-4% \/ 2 );margin-right: calc(-4% \/ 2 );\"><div class=\"fusion-layout-column fusion_builder_column fusion-builder-column-0 fusion_builder_column_1_1 1_1 fusion-flex-column\" style=\"--awb-bg-size:cover;--awb-width-large:100%;--awb-margin-top-large:15px;--awb-spacing-right-large:1.92%;--awb-margin-bottom-large:15px;--awb-spacing-left-large:1.92%;--awb-width-medium:100%;--awb-order-medium:0;--awb-spacing-right-medium:1.92%;--awb-spacing-left-medium:1.92%;--awb-width-small:100%;--awb-order-small:0;--awb-spacing-right-small:1.92%;--awb-spacing-left-small:1.92%;\"><div class=\"fusion-column-wrapper fusion-column-has-shadow fusion-flex-justify-content-flex-start fusion-content-layout-column\"><div class=\"fusion-image-element \" style=\"--awb-caption-title-font-family:var(--h2_typography-font-family);--awb-caption-title-font-weight:var(--h2_typography-font-weight);--awb-caption-title-font-style:var(--h2_typography-font-style);--awb-caption-title-size:var(--h2_typography-font-size);--awb-caption-title-transform:var(--h2_typography-text-transform);--awb-caption-title-line-height:var(--h2_typography-line-height);--awb-caption-title-letter-spacing:var(--h2_typography-letter-spacing);\"><span class=\" fusion-imageframe imageframe-none imageframe-1 hover-type-none\"><img decoding=\"async\" width=\"1500\" height=\"500\" title=\"IMG_6853\" src=\"https:\/\/www.jardindelacosta.com.uy\/wp-content\/uploads\/2025\/07\/IMG_6853.jpg\" data-orig-src=\"http:\/\/www.jardindelacosta.com.uy\/wp-content\/uploads\/2025\/07\/IMG_6853.jpg\" alt class=\"lazyload img-responsive wp-image-22237\" srcset=\"data:image\/svg+xml,%3Csvg%20xmlns%3D%27http%3A%2F%2Fwww.w3.org%2F2000%2Fsvg%27%20width%3D%271500%27%20height%3D%27500%27%20viewBox%3D%270%200%201500%20500%27%3E%3Crect%20width%3D%271500%27%20height%3D%27500%27%20fill-opacity%3D%220%22%2F%3E%3C%2Fsvg%3E\" data-srcset=\"https:\/\/www.jardindelacosta.com.uy\/wp-content\/uploads\/2025\/07\/IMG_6853-200x67.jpg 200w, https:\/\/www.jardindelacosta.com.uy\/wp-content\/uploads\/2025\/07\/IMG_6853-400x133.jpg 400w, https:\/\/www.jardindelacosta.com.uy\/wp-content\/uploads\/2025\/07\/IMG_6853-600x200.jpg 600w, https:\/\/www.jardindelacosta.com.uy\/wp-content\/uploads\/2025\/07\/IMG_6853-800x267.jpg 800w, https:\/\/www.jardindelacosta.com.uy\/wp-content\/uploads\/2025\/07\/IMG_6853-1200x400.jpg 1200w, https:\/\/www.jardindelacosta.com.uy\/wp-content\/uploads\/2025\/07\/IMG_6853.jpg 1500w\" data-sizes=\"auto\" data-orig-sizes=\"(max-width: 1024px) 100vw, (max-width: 640px) 100vw, 1200px\" \/><\/span><\/div><\/div><\/div><\/div><\/div><div class=\"fusion-fullwidth fullwidth-box fusion-builder-row-2 fusion-flex-container nonhundred-percent-fullwidth non-hundred-percent-height-scrolling\" style=\"--awb-background-position:left top;--awb-border-sizes-top:0px;--awb-border-sizes-bottom:0px;--awb-border-sizes-left:0px;--awb-border-sizes-right:0px;--awb-border-radius-top-left:0px;--awb-border-radius-top-right:0px;--awb-border-radius-bottom-right:0px;--awb-border-radius-bottom-left:0px;--awb-padding-top:80px;--awb-padding-bottom:0px;--awb-background-color:#efefef;--awb-flex-wrap:wrap;\" ><div class=\"fusion-builder-row fusion-row fusion-flex-align-items-flex-start fusion-flex-content-wrap\" style=\"max-width:calc( 1170px + 0px );margin-left: calc(-0px \/ 2 );margin-right: calc(-0px \/ 2 );\"><div class=\"fusion-layout-column fusion_builder_column fusion-builder-column-1 fusion_builder_column_1_1 1_1 fusion-flex-column fusion-flex-align-self-flex-start fusion-column-no-min-height\" style=\"--awb-bg-blend:overlay;--awb-bg-size:cover;--awb-width-large:100%;--awb-margin-top-large:-60px;--awb-spacing-right-large:0px;--awb-margin-bottom-large:0px;--awb-spacing-left-large:0px;--awb-width-medium:100%;--awb-spacing-right-medium:0px;--awb-spacing-left-medium:0px;--awb-width-small:100%;--awb-spacing-right-small:0px;--awb-spacing-left-small:0px;\"><div class=\"fusion-column-wrapper fusion-flex-justify-content-flex-start fusion-content-layout-column\"><div class=\"fusion-text fusion-text-1\"><p data-start=\"233\" data-end=\"505\">En <strong data-start=\"236\" data-end=\"258\">Jard\u00edn de la Costa<\/strong> valoramos a las personas que disfrutan del trabajo al aire libre y sienten curiosidad por el mundo de las plantas y los espacios verdes. Si est\u00e1s buscando un entorno donde puedas aprender, crecer y desarrollarte, este puede ser el lugar para vos.<\/p>\n<p data-start=\"507\" data-end=\"736\">Formar parte de nuestro equipo significa integrarse a un espacio din\u00e1mico, en contacto constante con la naturaleza, donde ofrecemos <strong data-start=\"639\" data-end=\"672\">capacitaciones especializadas<\/strong> y oportunidades de crecimiento tanto personal como profesional.<\/p>\n<p data-start=\"738\" data-end=\"858\">Contamos con locales en <strong data-start=\"762\" data-end=\"807\">San Jos\u00e9 de Carrasco, Pinamar y Atl\u00e1ntida<\/strong>, donde pod\u00e9s desempe\u00f1arte en distintas \u00e1reas como:<\/p>\n<ul data-start=\"860\" data-end=\"1079\">\n<li data-start=\"860\" data-end=\"892\">\n<p data-start=\"862\" data-end=\"892\">Atenci\u00f3n al cliente y ventas<\/p>\n<\/li>\n<li data-start=\"893\" data-end=\"936\">\n<p data-start=\"895\" data-end=\"936\">Asesoramiento sobre productos y plantas<\/p>\n<\/li>\n<li data-start=\"937\" data-end=\"975\">\n<p data-start=\"939\" data-end=\"975\">Reproducci\u00f3n y cuidado de especies<\/p>\n<\/li>\n<li data-start=\"976\" data-end=\"1023\">\n<p data-start=\"978\" data-end=\"1023\">Mantenimiento y limpieza de espacios verdes<\/p>\n<\/li>\n<li data-start=\"1024\" data-end=\"1079\">\n<p data-start=\"1026\" data-end=\"1079\">Apoyo en la organizaci\u00f3n y exhibici\u00f3n de mercader\u00eda<\/p>\n<\/li>\n<\/ul>\n<p data-start=\"1081\" data-end=\"1205\">Si te interesa sumarte a nuestro equipo, envianos tu CV a <strong data-start=\"1139\" data-end=\"1170\"><a class=\"cursor-pointer\" rel=\"noopener\" data-start=\"1141\" data-end=\"1168\">info@jardindelacosta.com.uy<\/a><\/strong> o por WhatsApp al <strong data-start=\"1189\" data-end=\"1204\">093 424 189<\/strong>.<\/p>\n<h1 style=\"text-align: center;\">\u00a1Te esperamos!<\/h1>\n<\/div><\/div><\/div><\/div><\/div><\/p>\n","protected":false},"excerpt":{"rendered":"","protected":false},"author":2258,"featured_media":0,"parent":0,"menu_order":0,"comment_status":"closed","ping_status":"closed","template":"100-width.php","meta":{"footnotes":""},"class_list":["post-22234","page","type-page","status-publish","hentry"],"jetpack_sharing_enabled":true,"_links":{"self":[{"href":"https:\/\/www.jardindelacosta.com.uy\/index.php?rest_route=\/wp\/v2\/pages\/22234","targetHints":{"allow":["GET"]}}],"collection":[{"href":"https:\/\/www.jardindelacosta.com.uy\/index.php?rest_route=\/wp\/v2\/pages"}],"about":[{"href":"https:\/\/www.jardindelacosta.com.uy\/index.php?rest_route=\/wp\/v2\/types\/page"}],"author":[{"embeddable":true,"href":"https:\/\/www.jardindelacosta.com.uy\/index.php?rest_route=\/wp\/v2\/users\/2258"}],"replies":[{"embeddable":true,"href":"https:\/\/www.jardindelacosta.com.uy\/index.php?rest_route=%2Fwp%2Fv2%2Fcomments&post=22234"}],"version-history":[{"count":3,"href":"https:\/\/www.jardindelacosta.com.uy\/index.php?rest_route=\/wp\/v2\/pages\/22234\/revisions"}],"predecessor-version":[{"id":22244,"href":"https:\/\/www.jardindelacosta.com.uy\/index.php?rest_route=\/wp\/v2\/pages\/22234\/revisions\/22244"}],"wp:attachment":[{"href":"https:\/\/www.jardindelacosta.com.uy\/index.php?rest_route=%2Fwp%2Fv2%2Fmedia&parent=22234"}],"curies":[{"name":"wp","href":"https:\/\/api.w.org\/{rel}","templated":true}]}}