{"id":23007,"date":"2025-12-24T14:58:28","date_gmt":"2025-12-24T17:58:28","guid":{"rendered":"https:\/\/www.jardindelacosta.com.uy\/?page_id=23007"},"modified":"2025-12-24T15:00:31","modified_gmt":"2025-12-24T18:00:31","slug":"julieta-gelves-2","status":"publish","type":"page","link":"https:\/\/www.jardindelacosta.com.uy\/?page_id=23007","title":{"rendered":"Julieta Gelves"},"content":{"rendered":"<p><div class=\"fusion-fullwidth fullwidth-box fusion-builder-row-1 fusion-flex-container nonhundred-percent-fullwidth non-hundred-percent-height-scrolling\" style=\"--awb-border-radius-top-left:0px;--awb-border-radius-top-right:0px;--awb-border-radius-bottom-right:0px;--awb-border-radius-bottom-left:0px;--awb-background-color:#efefef;--awb-flex-wrap:wrap;\" ><div class=\"fusion-builder-row fusion-row fusion-flex-align-items-flex-start fusion-flex-content-wrap\" style=\"max-width:1216.8px;margin-left: calc(-4% \/ 2 );margin-right: calc(-4% \/ 2 );\"><div class=\"fusion-layout-column fusion_builder_column fusion-builder-column-0 fusion_builder_column_1_1 1_1 fusion-flex-column\" style=\"--awb-bg-blend:overlay;--awb-bg-size:cover;--awb-width-large:100%;--awb-margin-top-large:0px;--awb-spacing-right-large:1.92%;--awb-margin-bottom-large:0px;--awb-spacing-left-large:1.92%;--awb-width-medium:100%;--awb-spacing-right-medium:1.92%;--awb-spacing-left-medium:1.92%;--awb-width-small:100%;--awb-spacing-right-small:1.92%;--awb-spacing-left-small:1.92%;\"><div class=\"fusion-column-wrapper fusion-flex-justify-content-flex-start fusion-content-layout-column\"><nav class=\"awb-menu awb-menu_row awb-menu_em-hover mobile-mode-always-expanded awb-menu_icons-left awb-menu_dc-yes mobile-trigger-fullwidth-off awb-menu_mobile-toggle awb-menu_indent-left loading mega-menu-loading awb-menu_desktop awb-menu_dropdown awb-menu_expand-right awb-menu_transition-fade\" style=\"--awb-margin-top:-30px;--awb-items-padding-right:40px;--awb-main-justify-content:flex-start;--awb-mobile-nav-items-height:40;--awb-mobile-justify:flex-start;--awb-mobile-caret-left:auto;--awb-mobile-caret-right:0;--awb-fusion-font-family-typography:inherit;--awb-fusion-font-style-typography:normal;--awb-fusion-font-weight-typography:400;--awb-fusion-font-family-submenu-typography:inherit;--awb-fusion-font-style-submenu-typography:normal;--awb-fusion-font-weight-submenu-typography:400;--awb-fusion-font-family-mobile-typography:inherit;--awb-fusion-font-style-mobile-typography:normal;--awb-fusion-font-weight-mobile-typography:400;\" aria-label=\"Estudio de Paisaje\" data-breakpoint=\"1024\" data-count=\"0\" data-transition-type=\"fade\" data-transition-time=\"300\" data-expand=\"right\"><button type=\"button\" class=\"awb-menu__m-toggle awb-menu__m-toggle_no-text\" aria-expanded=\"false\" aria-controls=\"menu-estudio-de-paisaje\"><span class=\"awb-menu__m-toggle-inner\"><span class=\"collapsed-nav-text\"><span class=\"screen-reader-text\">Toggle Navigation<\/span><\/span><span class=\"awb-menu__m-collapse-icon awb-menu__m-collapse-icon_no-text\"><span class=\"awb-menu__m-collapse-icon-open awb-menu__m-collapse-icon-open_no-text fa-bars fas\"><\/span><span class=\"awb-menu__m-collapse-icon-close awb-menu__m-collapse-icon-close_no-text fa-times fas\"><\/span><\/span><\/span><\/button><ul id=\"menu-estudio-de-paisaje\" class=\"fusion-menu awb-menu__main-ul awb-menu__main-ul_row\"><li  id=\"menu-item-21961\"  class=\"menu-item menu-item-type-post_type menu-item-object-page menu-item-21961 awb-menu__li awb-menu__main-li awb-menu__main-li_regular\"  data-item-id=\"21961\"><span class=\"awb-menu__main-background-default awb-menu__main-background-default_fade\"><\/span><span class=\"awb-menu__main-background-active awb-menu__main-background-active_fade\"><\/span><a  href=\"https:\/\/www.jardindelacosta.com.uy\/?page_id=21720\" class=\"awb-menu__main-a awb-menu__main-a_regular\"><span class=\"menu-text\">Inicio<\/span><\/a><\/li><li  id=\"menu-item-21925\"  class=\"menu-item menu-item-type-post_type menu-item-object-page menu-item-21925 awb-menu__li awb-menu__main-li awb-menu__main-li_regular\"  data-item-id=\"21925\"><span class=\"awb-menu__main-background-default awb-menu__main-background-default_fade\"><\/span><span class=\"awb-menu__main-background-active awb-menu__main-background-active_fade\"><\/span><a  href=\"https:\/\/www.jardindelacosta.com.uy\/?page_id=21923\" class=\"awb-menu__main-a awb-menu__main-a_regular\"><span class=\"menu-text\">Servicios<\/span><\/a><\/li><li  id=\"menu-item-21929\"  class=\"menu-item menu-item-type-post_type menu-item-object-page menu-item-21929 awb-menu__li awb-menu__main-li awb-menu__main-li_regular\"  data-item-id=\"21929\"><span class=\"awb-menu__main-background-default awb-menu__main-background-default_fade\"><\/span><span class=\"awb-menu__main-background-active awb-menu__main-background-active_fade\"><\/span><a  href=\"https:\/\/www.jardindelacosta.com.uy\/?page_id=21927\" class=\"awb-menu__main-a awb-menu__main-a_regular\"><span class=\"menu-text\">Equipo<\/span><\/a><\/li><li  id=\"menu-item-21941\"  class=\"menu-item menu-item-type-post_type menu-item-object-page menu-item-21941 awb-menu__li awb-menu__main-li awb-menu__main-li_regular\"  data-item-id=\"21941\"><span class=\"awb-menu__main-background-default awb-menu__main-background-default_fade\"><\/span><span class=\"awb-menu__main-background-active awb-menu__main-background-active_fade\"><\/span><a  href=\"https:\/\/www.jardindelacosta.com.uy\/?page_id=21938\" class=\"awb-menu__main-a awb-menu__main-a_regular\"><span class=\"menu-text\">Servicios de piezas gr\u00e1ficas<\/span><\/a><\/li><li  id=\"menu-item-21957\"  class=\"menu-item menu-item-type-post_type menu-item-object-page menu-item-21957 awb-menu__li awb-menu__main-li awb-menu__main-li_regular\"  data-item-id=\"21957\"><span class=\"awb-menu__main-background-default awb-menu__main-background-default_fade\"><\/span><span class=\"awb-menu__main-background-active awb-menu__main-background-active_fade\"><\/span><a  href=\"https:\/\/www.jardindelacosta.com.uy\/?page_id=21954\" class=\"awb-menu__main-a awb-menu__main-a_regular\"><span class=\"menu-text\">An\u00e1lisis de suelo<\/span><\/a><\/li><\/ul><\/nav><div class=\"fusion-separator fusion-full-width-sep\" style=\"align-self: center;margin-left: auto;margin-right: auto;margin-bottom:10px;width:100%;\"><div class=\"fusion-separator-border sep-shadow\" style=\"--awb-height:20px;--awb-amount:20px;--awb-sep-color:#000000;background:radial-gradient(ellipse at 50% -50% , #000000 0px, rgba(255, 255, 255, 0) 80%) repeat scroll 0 0 rgba(0, 0, 0, 0);background:-webkit-radial-gradient(ellipse at 50% -50% , #000000 0px, rgba(255, 255, 255, 0) 80%) repeat scroll 0 0 rgba(0, 0, 0, 0);background:-moz-radial-gradient(ellipse at 50% -50% , #000000 0px, rgba(255, 255, 255, 0) 80%) repeat scroll 0 0 rgba(0, 0, 0, 0);background:-o-radial-gradient(ellipse at 50% -50% , #000000 0px, rgba(255, 255, 255, 0) 80%) repeat scroll 0 0 rgba(0, 0, 0, 0);\"><\/div><\/div><\/div><\/div><\/div><\/div><div class=\"fusion-fullwidth fullwidth-box fusion-builder-row-2 fusion-flex-container nonhundred-percent-fullwidth non-hundred-percent-height-scrolling\" style=\"--awb-border-radius-top-left:0px;--awb-border-radius-top-right:0px;--awb-border-radius-bottom-right:0px;--awb-border-radius-bottom-left:0px;--awb-background-color:#efefef;--awb-flex-wrap:wrap;\" ><div class=\"fusion-builder-row fusion-row fusion-flex-align-items-flex-start fusion-flex-content-wrap\" style=\"max-width:1216.8px;margin-left: calc(-4% \/ 2 );margin-right: calc(-4% \/ 2 );\"><div class=\"fusion-layout-column fusion_builder_column fusion-builder-column-1 fusion_builder_column_1_1 1_1 fusion-flex-column\" style=\"--awb-bg-blend:overlay;--awb-bg-size:cover;--awb-width-large:100%;--awb-margin-top-large:0px;--awb-spacing-right-large:1.92%;--awb-margin-bottom-large:0px;--awb-spacing-left-large:1.92%;--awb-width-medium:100%;--awb-spacing-right-medium:1.92%;--awb-spacing-left-medium:1.92%;--awb-width-small:100%;--awb-spacing-right-small:1.92%;--awb-spacing-left-small:1.92%;\"><div class=\"fusion-column-wrapper fusion-flex-justify-content-flex-start fusion-content-layout-column\"><div class=\"fusion-text fusion-text-1\"><p><img decoding=\"async\" class=\"lazyload alignleft wp-image-22998 size-fusion-200\" src=\"http:\/\/www.jardindelacosta.com.uy\/wp-content\/uploads\/2025\/12\/IMG_0271-1-200x267.jpeg\" data-orig-src=\"http:\/\/www.jardindelacosta.com.uy\/wp-content\/uploads\/2025\/12\/IMG_0271-1-200x267.jpeg\" alt=\"\" width=\"200\" height=\"267\" srcset=\"data:image\/svg+xml,%3Csvg%20xmlns%3D%27http%3A%2F%2Fwww.w3.org%2F2000%2Fsvg%27%20width%3D%27200%27%20height%3D%27267%27%20viewBox%3D%270%200%20200%20267%27%3E%3Crect%20width%3D%27200%27%20height%3D%27267%27%20fill-opacity%3D%220%22%2F%3E%3C%2Fsvg%3E\" data-srcset=\"https:\/\/www.jardindelacosta.com.uy\/wp-content\/uploads\/2025\/12\/IMG_0271-1-9x12.jpeg 9w, https:\/\/www.jardindelacosta.com.uy\/wp-content\/uploads\/2025\/12\/IMG_0271-1-200x267.jpeg 200w, https:\/\/www.jardindelacosta.com.uy\/wp-content\/uploads\/2025\/12\/IMG_0271-1-400x533.jpeg 400w, https:\/\/www.jardindelacosta.com.uy\/wp-content\/uploads\/2025\/12\/IMG_0271-1-450x600.jpeg 450w, https:\/\/www.jardindelacosta.com.uy\/wp-content\/uploads\/2025\/12\/IMG_0271-1-500x667.jpeg 500w, https:\/\/www.jardindelacosta.com.uy\/wp-content\/uploads\/2025\/12\/IMG_0271-1-540x720.jpeg 540w, https:\/\/www.jardindelacosta.com.uy\/wp-content\/uploads\/2025\/12\/IMG_0271-1-600x800.jpeg 600w, https:\/\/www.jardindelacosta.com.uy\/wp-content\/uploads\/2025\/12\/IMG_0271-1-700x933.jpeg 700w, https:\/\/www.jardindelacosta.com.uy\/wp-content\/uploads\/2025\/12\/IMG_0271-1-768x1024.jpeg 768w, https:\/\/www.jardindelacosta.com.uy\/wp-content\/uploads\/2025\/12\/IMG_0271-1-800x1067.jpeg 800w, https:\/\/www.jardindelacosta.com.uy\/wp-content\/uploads\/2025\/12\/IMG_0271-1.jpeg 1080w\" data-sizes=\"auto\" data-orig-sizes=\"(max-width: 200px) 100vw, 200px\" \/>T\u00e9cnica en Paisajismo y parte del equipo de Jard\u00edn de la Costa \u2013 Estudio de Paisaje. Mi trabajo nace de una convicci\u00f3n simple: el dise\u00f1o del paisaje tiene la capacidad de transformar c\u00f3mo habitamos, c\u00f3mo nos vinculamos con la naturaleza y c\u00f3mo nos sentimos en los espacios que nos rodean.<\/p>\n<p>Mi trayectoria combina el dise\u00f1o de proyectos con la coordinaci\u00f3n y supervisi\u00f3n de obras, lo que me ha permitido comprender el proceso completo de un paisaje: desde la idea inicial hasta su materializaci\u00f3n en el sitio. Disfruto tanto de la creaci\u00f3n conceptual como del trabajo en campo, donde cada detalle toma forma y cada decisi\u00f3n impacta en el resultado final.<\/p>\n<p>A lo largo de mi experiencia he participado en el d\u00eda a d\u00eda del estudio, colaborando en la organizaci\u00f3n, la gesti\u00f3n de tareas, el seguimiento de avances y la articulaci\u00f3n entre dise\u00f1o, cuadrillas y proveedores. Esta din\u00e1mica me ha ense\u00f1ado el valor de los procesos bien pensados y de la comunicaci\u00f3n clara para que cada proyecto fluya con armon\u00eda.<\/p>\n<p>Me motiva crear espacios que sean funcionales, c\u00e1lidos y en equilibrio con el entorno. Creo profundamente en el paisaje como herramienta de bienestar, y busco que cada intervenci\u00f3n, grande o peque\u00f1a, refleje sensibilidad, criterio y respeto por la naturaleza.<\/p>\n<p>En Jard\u00edn de la Costa encuentro un lugar donde esa visi\u00f3n se convierte en trabajo cotidiano, acompa\u00f1ando a las personas a hacer realidad espacios que se viven, disfrutan y trascienden.&#8221;<\/p>\n<\/div><\/div><\/div><\/div><\/div><\/p>\n","protected":false},"excerpt":{"rendered":"","protected":false},"author":2258,"featured_media":21930,"parent":0,"menu_order":0,"comment_status":"closed","ping_status":"closed","template":"","meta":{"footnotes":""},"class_list":["post-23007","page","type-page","status-publish","has-post-thumbnail","hentry"],"jetpack_sharing_enabled":true,"_links":{"self":[{"href":"https:\/\/www.jardindelacosta.com.uy\/index.php?rest_route=\/wp\/v2\/pages\/23007","targetHints":{"allow":["GET"]}}],"collection":[{"href":"https:\/\/www.jardindelacosta.com.uy\/index.php?rest_route=\/wp\/v2\/pages"}],"about":[{"href":"https:\/\/www.jardindelacosta.com.uy\/index.php?rest_route=\/wp\/v2\/types\/page"}],"author":[{"embeddable":true,"href":"https:\/\/www.jardindelacosta.com.uy\/index.php?rest_route=\/wp\/v2\/users\/2258"}],"replies":[{"embeddable":true,"href":"https:\/\/www.jardindelacosta.com.uy\/index.php?rest_route=%2Fwp%2Fv2%2Fcomments&post=23007"}],"version-history":[{"count":2,"href":"https:\/\/www.jardindelacosta.com.uy\/index.php?rest_route=\/wp\/v2\/pages\/23007\/revisions"}],"predecessor-version":[{"id":23010,"href":"https:\/\/www.jardindelacosta.com.uy\/index.php?rest_route=\/wp\/v2\/pages\/23007\/revisions\/23010"}],"wp:featuredmedia":[{"embeddable":true,"href":"https:\/\/www.jardindelacosta.com.uy\/index.php?rest_route=\/wp\/v2\/media\/21930"}],"wp:attachment":[{"href":"https:\/\/www.jardindelacosta.com.uy\/index.php?rest_route=%2Fwp%2Fv2%2Fmedia&parent=23007"}],"curies":[{"name":"wp","href":"https:\/\/api.w.org\/{rel}","templated":true}]}}