{"id":21434,"date":"2025-06-09T16:21:50","date_gmt":"2025-06-09T19:21:50","guid":{"rendered":"https:\/\/www.jardindelacosta.com.uy\/?post_type=product&#038;p=21434"},"modified":"2025-07-31T21:06:24","modified_gmt":"2025-08-01T00:06:24","slug":"escoba-de-jardin","status":"publish","type":"product","link":"https:\/\/www.jardindelacosta.com.uy\/?product=escoba-de-jardin","title":{"rendered":"Escoba de jard\u00edn"},"content":{"rendered":"<p>Escoba met\u00e1lica para jard\u00edn curva, 22 dientes redondos, mango 48&#8243;<\/p>\n<div class=\"row body_especs tamanio_text\">\n<div class=\"col-11 especs_margen\">\n<ul>\n<li class=\"lh-2\">Cabeza curva fabricada en acero<\/li>\n<\/ul>\n<\/div>\n<\/div>\n<div class=\"row body_especs_text tamanio_text\">\n<div class=\"col-11 especs_margen\">\n<ul>\n<li class=\"lh-2\">Mango de madera<\/li>\n<\/ul>\n<\/div>\n<\/div>\n<div class=\"row body_especs_text tamanio_text\">\n<div class=\"col-11 especs_margen\">\n<ul>\n<li class=\"lh-2\">Dientes de alambre redondo, m\u00e1s duros para ramas<\/li>\n<\/ul>\n<\/div>\n<\/div>\n<div class=\"row body_especs_text tamanio_text\">\n<div class=\"col-11 especs_margen\">\n<ul>\n<li class=\"lh-2\">Se surte\u00a0en 2 piezas por separado<\/li>\n<\/ul>\n<\/div>\n<\/div>\n","protected":false},"excerpt":{"rendered":"<p><img decoding=\"async\" class=\"alignnone size-medium wp-image-21436\" src=\"http:\/\/www.jardindelacosta.com.uy\/wp-content\/uploads\/2025\/06\/EM-22AFC2-600x600.jpg\" alt=\"\" width=\"600\" height=\"600\" srcset=\"https:\/\/www.jardindelacosta.com.uy\/wp-content\/uploads\/2025\/06\/EM-22AFC2-12x12.jpg 12w, https:\/\/www.jardindelacosta.com.uy\/wp-content\/uploads\/2025\/06\/EM-22AFC2-66x66.jpg 66w, https:\/\/www.jardindelacosta.com.uy\/wp-content\/uploads\/2025\/06\/EM-22AFC2-100x100.jpg 100w, https:\/\/www.jardindelacosta.com.uy\/wp-content\/uploads\/2025\/06\/EM-22AFC2-200x200.jpg 200w, https:\/\/www.jardindelacosta.com.uy\/wp-content\/uploads\/2025\/06\/EM-22AFC2-300x300.jpg 300w, https:\/\/www.jardindelacosta.com.uy\/wp-content\/uploads\/2025\/06\/EM-22AFC2-400x400.jpg 400w, https:\/\/www.jardindelacosta.com.uy\/wp-content\/uploads\/2025\/06\/EM-22AFC2-500x500.jpg 500w, https:\/\/www.jardindelacosta.com.uy\/wp-content\/uploads\/2025\/06\/EM-22AFC2-600x600.jpg 600w, https:\/\/www.jardindelacosta.com.uy\/wp-content\/uploads\/2025\/06\/EM-22AFC2-700x700.jpg 700w, https:\/\/www.jardindelacosta.com.uy\/wp-content\/uploads\/2025\/06\/EM-22AFC2-720x720.jpg 720w, https:\/\/www.jardindelacosta.com.uy\/wp-content\/uploads\/2025\/06\/EM-22AFC2-768x768.jpg 768w, https:\/\/www.jardindelacosta.com.uy\/wp-content\/uploads\/2025\/06\/EM-22AFC2-800x800.jpg 800w, https:\/\/www.jardindelacosta.com.uy\/wp-content\/uploads\/2025\/06\/EM-22AFC2-1200x1200.jpg 1200w, https:\/\/www.jardindelacosta.com.uy\/wp-content\/uploads\/2025\/06\/EM-22AFC2-1320x1320.jpg 1320w, https:\/\/www.jardindelacosta.com.uy\/wp-content\/uploads\/2025\/06\/EM-22AFC2-1536x1536.jpg 1536w, https:\/\/www.jardindelacosta.com.uy\/wp-content\/uploads\/2025\/06\/EM-22AFC2.jpg 1800w\" sizes=\"(max-width: 600px) 100vw, 600px\" \/><\/p>\n","protected":false},"featured_media":21435,"comment_status":"open","ping_status":"closed","template":"","meta":[],"product_brand":[],"product_cat":[55],"product_tag":[],"class_list":{"0":"post-21434","1":"product","2":"type-product","3":"status-publish","4":"has-post-thumbnail","6":"product_cat-truper-2","8":"first","9":"instock","10":"shipping-taxable","11":"purchasable","12":"product-type-simple"},"jetpack_sharing_enabled":true,"_links":{"self":[{"href":"https:\/\/www.jardindelacosta.com.uy\/index.php?rest_route=\/wp\/v2\/product\/21434","targetHints":{"allow":["GET"]}}],"collection":[{"href":"https:\/\/www.jardindelacosta.com.uy\/index.php?rest_route=\/wp\/v2\/product"}],"about":[{"href":"https:\/\/www.jardindelacosta.com.uy\/index.php?rest_route=\/wp\/v2\/types\/product"}],"replies":[{"embeddable":true,"href":"https:\/\/www.jardindelacosta.com.uy\/index.php?rest_route=%2Fwp%2Fv2%2Fcomments&post=21434"}],"wp:featuredmedia":[{"embeddable":true,"href":"https:\/\/www.jardindelacosta.com.uy\/index.php?rest_route=\/wp\/v2\/media\/21435"}],"wp:attachment":[{"href":"https:\/\/www.jardindelacosta.com.uy\/index.php?rest_route=%2Fwp%2Fv2%2Fmedia&parent=21434"}],"wp:term":[{"taxonomy":"product_brand","embeddable":true,"href":"https:\/\/www.jardindelacosta.com.uy\/index.php?rest_route=%2Fwp%2Fv2%2Fproduct_brand&post=21434"},{"taxonomy":"product_cat","embeddable":true,"href":"https:\/\/www.jardindelacosta.com.uy\/index.php?rest_route=%2Fwp%2Fv2%2Fproduct_cat&post=21434"},{"taxonomy":"product_tag","embeddable":true,"href":"https:\/\/www.jardindelacosta.com.uy\/index.php?rest_route=%2Fwp%2Fv2%2Fproduct_tag&post=21434"}],"curies":[{"name":"wp","href":"https:\/\/api.w.org\/{rel}","templated":true}]}}