{"id":21491,"date":"2025-06-09T19:31:34","date_gmt":"2025-06-09T22:31:34","guid":{"rendered":"https:\/\/www.jardindelacosta.com.uy\/?post_type=product&#038;p=21491"},"modified":"2025-07-31T20:36:53","modified_gmt":"2025-07-31T23:36:53","slug":"caja-para-herramienta-de-16-con-compartimentos","status":"publish","type":"product","link":"https:\/\/www.jardindelacosta.com.uy\/?product=caja-para-herramienta-de-16-con-compartimentos","title":{"rendered":"Caja para herramienta de 16&#8243; con compartimentos"},"content":{"rendered":"<div class=\"row body_especs tamanio_text\">\n<div class=\"col-11 especs_margen\">\n<ul>\n<li class=\"lh-2\">Fabricada en polipropileno<\/li>\n<\/ul>\n<\/div>\n<\/div>\n<div class=\"row body_especs_text tamanio_text\">\n<div class=\"col-11 especs_margen\">\n<ul>\n<li class=\"lh-2\">Broche pl\u00e1stico<\/li>\n<\/ul>\n<\/div>\n<\/div>\n<div class=\"row body_especs_text tamanio_text\">\n<div class=\"col-11 especs_margen\">\n<ul>\n<li class=\"lh-2\">Compartimentos superiores en la tapa para almacenar piezas peque\u00f1as sin necesidad de abrir la caja<\/li>\n<\/ul>\n<\/div>\n<\/div>\n<div class=\"row body_especs_text tamanio_text\">\n<div class=\"col-11 especs_margen\">\n<ul>\n<li class=\"lh-2\">Modelo ancho para mayor capacidad<\/li>\n<\/ul>\n<\/div>\n<\/div>\n<div class=\"row body_especs_text tamanio_text\">\n<div class=\"col-11 especs_margen\">\n<ul>\n<li class=\"lh-2\">Manija con dise\u00f1o ergon\u00f3mico para transportar c\u00f3modamente<\/li>\n<\/ul>\n<\/div>\n<\/div>\n","protected":false},"excerpt":{"rendered":"<p>Fabricada en polipropileno Broche pl\u00e1stico Compartimentos superiores en la tapa para almacenar piezas peque\u00f1as sin necesidad de abrir la caja<\/p>\n","protected":false},"featured_media":21492,"comment_status":"open","ping_status":"closed","template":"","meta":[],"product_brand":[],"product_cat":[55],"product_tag":[],"class_list":{"0":"post-21491","1":"product","2":"type-product","3":"status-publish","4":"has-post-thumbnail","6":"product_cat-truper-2","8":"first","9":"instock","10":"shipping-taxable","11":"purchasable","12":"product-type-simple"},"jetpack_sharing_enabled":true,"_links":{"self":[{"href":"https:\/\/www.jardindelacosta.com.uy\/index.php?rest_route=\/wp\/v2\/product\/21491","targetHints":{"allow":["GET"]}}],"collection":[{"href":"https:\/\/www.jardindelacosta.com.uy\/index.php?rest_route=\/wp\/v2\/product"}],"about":[{"href":"https:\/\/www.jardindelacosta.com.uy\/index.php?rest_route=\/wp\/v2\/types\/product"}],"replies":[{"embeddable":true,"href":"https:\/\/www.jardindelacosta.com.uy\/index.php?rest_route=%2Fwp%2Fv2%2Fcomments&post=21491"}],"wp:featuredmedia":[{"embeddable":true,"href":"https:\/\/www.jardindelacosta.com.uy\/index.php?rest_route=\/wp\/v2\/media\/21492"}],"wp:attachment":[{"href":"https:\/\/www.jardindelacosta.com.uy\/index.php?rest_route=%2Fwp%2Fv2%2Fmedia&parent=21491"}],"wp:term":[{"taxonomy":"product_brand","embeddable":true,"href":"https:\/\/www.jardindelacosta.com.uy\/index.php?rest_route=%2Fwp%2Fv2%2Fproduct_brand&post=21491"},{"taxonomy":"product_cat","embeddable":true,"href":"https:\/\/www.jardindelacosta.com.uy\/index.php?rest_route=%2Fwp%2Fv2%2Fproduct_cat&post=21491"},{"taxonomy":"product_tag","embeddable":true,"href":"https:\/\/www.jardindelacosta.com.uy\/index.php?rest_route=%2Fwp%2Fv2%2Fproduct_tag&post=21491"}],"curies":[{"name":"wp","href":"https:\/\/api.w.org\/{rel}","templated":true}]}}