{"id":21498,"date":"2025-06-09T19:39:41","date_gmt":"2025-06-09T22:39:41","guid":{"rendered":"https:\/\/www.jardindelacosta.com.uy\/?post_type=product&#038;p=21498"},"modified":"2025-07-31T20:36:32","modified_gmt":"2025-07-31T23:36:32","slug":"juego-de-5-destornilladores-mango-comfort-grip","status":"publish","type":"product","link":"https:\/\/www.jardindelacosta.com.uy\/?product=juego-de-5-destornilladores-mango-comfort-grip","title":{"rendered":"Juego de 5 destornilladores mango Comfort Grip"},"content":{"rendered":"<div class=\"row body_especs tamanio_text\">\n<div class=\"col-11 especs_margen\">\n<ul>\n<li class=\"lh-2\">Barra hexagonal de acero al cromo vanadio 2X m\u00e1s resistente al desgaste que las de acero al carbono<\/li>\n<\/ul>\n<\/div>\n<\/div>\n<div class=\"row body_especs_text tamanio_text\">\n<div class=\"col-11 especs_margen\">\n<ul>\n<li class=\"lh-2\">Mango comfort grip con orificio para colgar<\/li>\n<\/ul>\n<\/div>\n<\/div>\n<div class=\"row body_especs_text tamanio_text\">\n<div class=\"col-11 especs_margen\">\n<ul>\n<li class=\"lh-2\">Marcado y c\u00f3digo de color para f\u00e1cil identificaci\u00f3n de medida y punta<\/li>\n<\/ul>\n<\/div>\n<\/div>\n<div class=\"row body_especs_text tamanio_text\">\n<div class=\"col-11 especs_margen\">\n<ul>\n<li class=\"lh-2\">Hex\u00e1gono en la barra que maximizan el torque con llave<\/li>\n<\/ul>\n<\/div>\n<\/div>\n","protected":false},"excerpt":{"rendered":"<p>Barra hexagonal de acero al cromo vanadio 2X m\u00e1s resistente al desgaste que las de acero al carbono Mango comfort<\/p>\n","protected":false},"featured_media":21499,"comment_status":"open","ping_status":"closed","template":"","meta":[],"product_brand":[],"product_cat":[55],"product_tag":[],"class_list":{"0":"post-21498","1":"product","2":"type-product","3":"status-publish","4":"has-post-thumbnail","6":"product_cat-truper-2","8":"first","9":"instock","10":"shipping-taxable","11":"purchasable","12":"product-type-simple"},"jetpack_sharing_enabled":true,"_links":{"self":[{"href":"https:\/\/www.jardindelacosta.com.uy\/index.php?rest_route=\/wp\/v2\/product\/21498","targetHints":{"allow":["GET"]}}],"collection":[{"href":"https:\/\/www.jardindelacosta.com.uy\/index.php?rest_route=\/wp\/v2\/product"}],"about":[{"href":"https:\/\/www.jardindelacosta.com.uy\/index.php?rest_route=\/wp\/v2\/types\/product"}],"replies":[{"embeddable":true,"href":"https:\/\/www.jardindelacosta.com.uy\/index.php?rest_route=%2Fwp%2Fv2%2Fcomments&post=21498"}],"wp:featuredmedia":[{"embeddable":true,"href":"https:\/\/www.jardindelacosta.com.uy\/index.php?rest_route=\/wp\/v2\/media\/21499"}],"wp:attachment":[{"href":"https:\/\/www.jardindelacosta.com.uy\/index.php?rest_route=%2Fwp%2Fv2%2Fmedia&parent=21498"}],"wp:term":[{"taxonomy":"product_brand","embeddable":true,"href":"https:\/\/www.jardindelacosta.com.uy\/index.php?rest_route=%2Fwp%2Fv2%2Fproduct_brand&post=21498"},{"taxonomy":"product_cat","embeddable":true,"href":"https:\/\/www.jardindelacosta.com.uy\/index.php?rest_route=%2Fwp%2Fv2%2Fproduct_cat&post=21498"},{"taxonomy":"product_tag","embeddable":true,"href":"https:\/\/www.jardindelacosta.com.uy\/index.php?rest_route=%2Fwp%2Fv2%2Fproduct_tag&post=21498"}],"curies":[{"name":"wp","href":"https:\/\/api.w.org\/{rel}","templated":true}]}}