{"id":21519,"date":"2025-06-09T20:00:32","date_gmt":"2025-06-09T23:00:32","guid":{"rendered":"https:\/\/www.jardindelacosta.com.uy\/?post_type=product&#038;p=21519"},"modified":"2025-07-31T20:35:57","modified_gmt":"2025-07-31T23:35:57","slug":"pinza-de-corte-diagonal-7-mango-de-pvc","status":"publish","type":"product","link":"https:\/\/www.jardindelacosta.com.uy\/?product=pinza-de-corte-diagonal-7-mango-de-pvc","title":{"rendered":"Pinza de corte diagonal 7&#8243; mango de PVC"},"content":{"rendered":"<div class=\"row body_especs tamanio_text\">\n<div class=\"col-11 especs_margen\">\n<ul>\n<li class=\"lh-2\">Fabricada en acero al cromo vanadio, 2X m\u00e1s resistente a la corrosi\u00f3n<\/li>\n<\/ul>\n<\/div>\n<\/div>\n<div class=\"row body_especs_text tamanio_text\">\n<div class=\"col-11 especs_margen\">\n<ul>\n<li class=\"lh-2\">Acabado pulido para f\u00e1cil limpieza<\/li>\n<\/ul>\n<\/div>\n<\/div>\n<div class=\"row body_especs_text tamanio_text\">\n<div class=\"col-11 especs_margen\">\n<ul>\n<li class=\"lh-2\">Mango cubierto de PVC que absorbe el esfuerzo y ofrece mayor comodidad<\/li>\n<\/ul>\n<\/div>\n<\/div>\n<div class=\"row body_especs_text tamanio_text\">\n<div class=\"col-11 especs_margen\">\n<ul>\n<li class=\"lh-2\">Cuchillas afiladas para cortes r\u00e1pidos y precisos<\/li>\n<\/ul>\n<\/div>\n<\/div>\n","protected":false},"excerpt":{"rendered":"<p>Fabricada en acero al cromo vanadio, 2X m\u00e1s resistente a la corrosi\u00f3n Acabado pulido para f\u00e1cil limpieza Mango cubierto de<\/p>\n","protected":false},"featured_media":21520,"comment_status":"open","ping_status":"closed","template":"","meta":[],"product_brand":[],"product_cat":[55],"product_tag":[],"class_list":{"0":"post-21519","1":"product","2":"type-product","3":"status-publish","4":"has-post-thumbnail","6":"product_cat-truper-2","8":"first","9":"instock","10":"shipping-taxable","11":"purchasable","12":"product-type-simple"},"jetpack_sharing_enabled":true,"_links":{"self":[{"href":"https:\/\/www.jardindelacosta.com.uy\/index.php?rest_route=\/wp\/v2\/product\/21519","targetHints":{"allow":["GET"]}}],"collection":[{"href":"https:\/\/www.jardindelacosta.com.uy\/index.php?rest_route=\/wp\/v2\/product"}],"about":[{"href":"https:\/\/www.jardindelacosta.com.uy\/index.php?rest_route=\/wp\/v2\/types\/product"}],"replies":[{"embeddable":true,"href":"https:\/\/www.jardindelacosta.com.uy\/index.php?rest_route=%2Fwp%2Fv2%2Fcomments&post=21519"}],"wp:featuredmedia":[{"embeddable":true,"href":"https:\/\/www.jardindelacosta.com.uy\/index.php?rest_route=\/wp\/v2\/media\/21520"}],"wp:attachment":[{"href":"https:\/\/www.jardindelacosta.com.uy\/index.php?rest_route=%2Fwp%2Fv2%2Fmedia&parent=21519"}],"wp:term":[{"taxonomy":"product_brand","embeddable":true,"href":"https:\/\/www.jardindelacosta.com.uy\/index.php?rest_route=%2Fwp%2Fv2%2Fproduct_brand&post=21519"},{"taxonomy":"product_cat","embeddable":true,"href":"https:\/\/www.jardindelacosta.com.uy\/index.php?rest_route=%2Fwp%2Fv2%2Fproduct_cat&post=21519"},{"taxonomy":"product_tag","embeddable":true,"href":"https:\/\/www.jardindelacosta.com.uy\/index.php?rest_route=%2Fwp%2Fv2%2Fproduct_tag&post=21519"}],"curies":[{"name":"wp","href":"https:\/\/api.w.org\/{rel}","templated":true}]}}