{"id":22543,"date":"2025-08-04T13:26:18","date_gmt":"2025-08-04T16:26:18","guid":{"rendered":"https:\/\/www.jardindelacosta.com.uy\/?post_type=product&#038;p=22543"},"modified":"2025-09-01T12:13:59","modified_gmt":"2025-09-01T15:13:59","slug":"protector-para-madera","status":"publish","type":"product","link":"https:\/\/www.jardindelacosta.com.uy\/?product=protector-para-madera","title":{"rendered":"Protector para madera"},"content":{"rendered":"<p>Acabado sint\u00e9tico transparente satinado que garantiza la preservaci\u00f3n de la madera y realza su belleza natural. Su filtro UV impide la decoloraci\u00f3n y el agrisamiento de la madera.\u00a0 Contiene bactericidas y fungicidas que impiden la biodegradaci\u00f3n. Colores disponibles: caoba, natural, nogal, roble oscuro, roble claro.<\/p>\n","protected":false},"excerpt":{"rendered":"<p>Acabado sint\u00e9tico transparente satinado que garantiza la preservaci\u00f3n de la madera y realza su belleza natural. Su filtro UV impide<\/p>\n","protected":false},"featured_media":22689,"comment_status":"open","ping_status":"closed","template":"","meta":[],"product_brand":[],"product_cat":[75],"product_tag":[],"class_list":{"0":"post-22543","1":"product","2":"type-product","3":"status-publish","4":"has-post-thumbnail","6":"product_cat-ferreteria","8":"first","9":"instock","10":"shipping-taxable","11":"purchasable","12":"product-type-variable"},"jetpack_sharing_enabled":true,"_links":{"self":[{"href":"https:\/\/www.jardindelacosta.com.uy\/index.php?rest_route=\/wp\/v2\/product\/22543","targetHints":{"allow":["GET"]}}],"collection":[{"href":"https:\/\/www.jardindelacosta.com.uy\/index.php?rest_route=\/wp\/v2\/product"}],"about":[{"href":"https:\/\/www.jardindelacosta.com.uy\/index.php?rest_route=\/wp\/v2\/types\/product"}],"replies":[{"embeddable":true,"href":"https:\/\/www.jardindelacosta.com.uy\/index.php?rest_route=%2Fwp%2Fv2%2Fcomments&post=22543"}],"wp:featuredmedia":[{"embeddable":true,"href":"https:\/\/www.jardindelacosta.com.uy\/index.php?rest_route=\/wp\/v2\/media\/22689"}],"wp:attachment":[{"href":"https:\/\/www.jardindelacosta.com.uy\/index.php?rest_route=%2Fwp%2Fv2%2Fmedia&parent=22543"}],"wp:term":[{"taxonomy":"product_brand","embeddable":true,"href":"https:\/\/www.jardindelacosta.com.uy\/index.php?rest_route=%2Fwp%2Fv2%2Fproduct_brand&post=22543"},{"taxonomy":"product_cat","embeddable":true,"href":"https:\/\/www.jardindelacosta.com.uy\/index.php?rest_route=%2Fwp%2Fv2%2Fproduct_cat&post=22543"},{"taxonomy":"product_tag","embeddable":true,"href":"https:\/\/www.jardindelacosta.com.uy\/index.php?rest_route=%2Fwp%2Fv2%2Fproduct_tag&post=22543"}],"curies":[{"name":"wp","href":"https:\/\/api.w.org\/{rel}","templated":true}]}}