{"id":22579,"date":"2025-08-07T13:14:53","date_gmt":"2025-08-07T16:14:53","guid":{"rendered":"https:\/\/www.jardindelacosta.com.uy\/?post_type=product&#038;p=22579"},"modified":"2025-08-07T13:14:54","modified_gmt":"2025-08-07T16:14:54","slug":"jabon-potasico","status":"publish","type":"product","link":"https:\/\/www.jardindelacosta.com.uy\/?product=jabon-potasico","title":{"rendered":"Jab\u00f3n pot\u00e1sico"},"content":{"rendered":"<p>El jab\u00f3n pot\u00e1sico es uno de los plaguicidas naturales m\u00e1s conocidos, y por buena raz\u00f3n. Combate un gran n\u00famero de insectos y \u00e1caros de forma ecol\u00f3gica, y adem\u00e1s es muy f\u00e1cil de aplicar.<\/p>\n<p>Solo diluyes una cucharada de jab\u00f3n pot\u00e1sico en un litro de agua y lo aplicas por toda la planta con un spray com\u00fan. Repite cada pocos d\u00edas hasta eliminar la plaga.<\/p>\n","protected":false},"excerpt":{"rendered":"<p>El jab\u00f3n pot\u00e1sico es uno de los plaguicidas naturales m\u00e1s conocidos, y por buena raz\u00f3n. Combate un gran n\u00famero de<\/p>\n","protected":false},"featured_media":22580,"comment_status":"open","ping_status":"closed","template":"","meta":[],"product_brand":[],"product_cat":[74],"product_tag":[],"class_list":{"0":"post-22579","1":"product","2":"type-product","3":"status-publish","4":"has-post-thumbnail","6":"product_cat-organicos","8":"first","9":"instock","10":"shipping-taxable","11":"purchasable","12":"product-type-simple"},"jetpack_sharing_enabled":true,"_links":{"self":[{"href":"https:\/\/www.jardindelacosta.com.uy\/index.php?rest_route=\/wp\/v2\/product\/22579","targetHints":{"allow":["GET"]}}],"collection":[{"href":"https:\/\/www.jardindelacosta.com.uy\/index.php?rest_route=\/wp\/v2\/product"}],"about":[{"href":"https:\/\/www.jardindelacosta.com.uy\/index.php?rest_route=\/wp\/v2\/types\/product"}],"replies":[{"embeddable":true,"href":"https:\/\/www.jardindelacosta.com.uy\/index.php?rest_route=%2Fwp%2Fv2%2Fcomments&post=22579"}],"wp:featuredmedia":[{"embeddable":true,"href":"https:\/\/www.jardindelacosta.com.uy\/index.php?rest_route=\/wp\/v2\/media\/22580"}],"wp:attachment":[{"href":"https:\/\/www.jardindelacosta.com.uy\/index.php?rest_route=%2Fwp%2Fv2%2Fmedia&parent=22579"}],"wp:term":[{"taxonomy":"product_brand","embeddable":true,"href":"https:\/\/www.jardindelacosta.com.uy\/index.php?rest_route=%2Fwp%2Fv2%2Fproduct_brand&post=22579"},{"taxonomy":"product_cat","embeddable":true,"href":"https:\/\/www.jardindelacosta.com.uy\/index.php?rest_route=%2Fwp%2Fv2%2Fproduct_cat&post=22579"},{"taxonomy":"product_tag","embeddable":true,"href":"https:\/\/www.jardindelacosta.com.uy\/index.php?rest_route=%2Fwp%2Fv2%2Fproduct_tag&post=22579"}],"curies":[{"name":"wp","href":"https:\/\/api.w.org\/{rel}","templated":true}]}}