{"id":22581,"date":"2025-08-07T13:20:46","date_gmt":"2025-08-07T16:20:46","guid":{"rendered":"https:\/\/www.jardindelacosta.com.uy\/?post_type=product&#038;p=22581"},"modified":"2025-08-07T13:20:46","modified_gmt":"2025-08-07T16:20:46","slug":"fertilizante-organico-concentrado-bokashi","status":"publish","type":"product","link":"https:\/\/www.jardindelacosta.com.uy\/?product=fertilizante-organico-concentrado-bokashi","title":{"rendered":"Fertilizante org\u00e1nico concentrado Bokashi"},"content":{"rendered":"<p><strong>Fertilizante org\u00e1nico concentrado<\/strong>.\u00a0Aumenta la biodiversidad y activa microorganismos ben\u00e9ficos del suelo. Aporta nutrientes y materia org\u00e1nica. Facilita la retenci\u00f3n de agua y elimina pat\u00f3genos. Producido a base de compost de Abono de Mar, melaza, carb\u00f3n, levadura, ceniza y agua.<\/p>\n<p>Contiene: 100 gramos.<\/p>\n","protected":false},"excerpt":{"rendered":"<p>Fertilizante org\u00e1nico concentrado.\u00a0Aumenta la biodiversidad y activa microorganismos ben\u00e9ficos del suelo. Aporta nutrientes y materia org\u00e1nica. Facilita la retenci\u00f3n de<\/p>\n","protected":false},"featured_media":22582,"comment_status":"open","ping_status":"closed","template":"","meta":[],"product_brand":[],"product_cat":[74],"product_tag":[],"class_list":{"0":"post-22581","1":"product","2":"type-product","3":"status-publish","4":"has-post-thumbnail","6":"product_cat-organicos","8":"first","9":"instock","10":"shipping-taxable","11":"purchasable","12":"product-type-simple"},"jetpack_sharing_enabled":true,"_links":{"self":[{"href":"https:\/\/www.jardindelacosta.com.uy\/index.php?rest_route=\/wp\/v2\/product\/22581","targetHints":{"allow":["GET"]}}],"collection":[{"href":"https:\/\/www.jardindelacosta.com.uy\/index.php?rest_route=\/wp\/v2\/product"}],"about":[{"href":"https:\/\/www.jardindelacosta.com.uy\/index.php?rest_route=\/wp\/v2\/types\/product"}],"replies":[{"embeddable":true,"href":"https:\/\/www.jardindelacosta.com.uy\/index.php?rest_route=%2Fwp%2Fv2%2Fcomments&post=22581"}],"wp:featuredmedia":[{"embeddable":true,"href":"https:\/\/www.jardindelacosta.com.uy\/index.php?rest_route=\/wp\/v2\/media\/22582"}],"wp:attachment":[{"href":"https:\/\/www.jardindelacosta.com.uy\/index.php?rest_route=%2Fwp%2Fv2%2Fmedia&parent=22581"}],"wp:term":[{"taxonomy":"product_brand","embeddable":true,"href":"https:\/\/www.jardindelacosta.com.uy\/index.php?rest_route=%2Fwp%2Fv2%2Fproduct_brand&post=22581"},{"taxonomy":"product_cat","embeddable":true,"href":"https:\/\/www.jardindelacosta.com.uy\/index.php?rest_route=%2Fwp%2Fv2%2Fproduct_cat&post=22581"},{"taxonomy":"product_tag","embeddable":true,"href":"https:\/\/www.jardindelacosta.com.uy\/index.php?rest_route=%2Fwp%2Fv2%2Fproduct_tag&post=22581"}],"curies":[{"name":"wp","href":"https:\/\/api.w.org\/{rel}","templated":true}]}}