{"id":22592,"date":"2025-08-07T13:35:14","date_gmt":"2025-08-07T16:35:14","guid":{"rendered":"https:\/\/www.jardindelacosta.com.uy\/?post_type=product&#038;p=22592"},"modified":"2025-08-07T16:22:31","modified_gmt":"2025-08-07T19:22:31","slug":"men-microorganismos-eficientes-nativos","status":"publish","type":"product","link":"https:\/\/www.jardindelacosta.com.uy\/?product=men-microorganismos-eficientes-nativos","title":{"rendered":"MEN: Microorganismos Eficientes Nativos"},"content":{"rendered":"<p><strong>Limpiador y revitalizante natural.<br \/>\nDescompone materia org\u00e1nica y elimina pat\u00f3genos. \u00a0Revitaliza tierra y plantas facilitando la absorci\u00f3n de nutrientes. <\/strong><br \/>\nTambi\u00e9n destapa y limpia ca\u00f1er\u00edas y pozos negros.<\/p>\n","protected":false},"excerpt":{"rendered":"<p>Limpiador y revitalizante natural. Descompone materia org\u00e1nica y elimina pat\u00f3genos. \u00a0Revitaliza tierra y plantas facilitando la absorci\u00f3n de nutrientes. Tambi\u00e9n<\/p>\n","protected":false},"featured_media":22595,"comment_status":"open","ping_status":"closed","template":"","meta":[],"product_brand":[],"product_cat":[74],"product_tag":[],"class_list":{"0":"post-22592","1":"product","2":"type-product","3":"status-publish","4":"has-post-thumbnail","6":"product_cat-organicos","8":"first","9":"instock","10":"shipping-taxable","11":"purchasable","12":"product-type-simple"},"jetpack_sharing_enabled":true,"_links":{"self":[{"href":"https:\/\/www.jardindelacosta.com.uy\/index.php?rest_route=\/wp\/v2\/product\/22592","targetHints":{"allow":["GET"]}}],"collection":[{"href":"https:\/\/www.jardindelacosta.com.uy\/index.php?rest_route=\/wp\/v2\/product"}],"about":[{"href":"https:\/\/www.jardindelacosta.com.uy\/index.php?rest_route=\/wp\/v2\/types\/product"}],"replies":[{"embeddable":true,"href":"https:\/\/www.jardindelacosta.com.uy\/index.php?rest_route=%2Fwp%2Fv2%2Fcomments&post=22592"}],"wp:featuredmedia":[{"embeddable":true,"href":"https:\/\/www.jardindelacosta.com.uy\/index.php?rest_route=\/wp\/v2\/media\/22595"}],"wp:attachment":[{"href":"https:\/\/www.jardindelacosta.com.uy\/index.php?rest_route=%2Fwp%2Fv2%2Fmedia&parent=22592"}],"wp:term":[{"taxonomy":"product_brand","embeddable":true,"href":"https:\/\/www.jardindelacosta.com.uy\/index.php?rest_route=%2Fwp%2Fv2%2Fproduct_brand&post=22592"},{"taxonomy":"product_cat","embeddable":true,"href":"https:\/\/www.jardindelacosta.com.uy\/index.php?rest_route=%2Fwp%2Fv2%2Fproduct_cat&post=22592"},{"taxonomy":"product_tag","embeddable":true,"href":"https:\/\/www.jardindelacosta.com.uy\/index.php?rest_route=%2Fwp%2Fv2%2Fproduct_tag&post=22592"}],"curies":[{"name":"wp","href":"https:\/\/api.w.org\/{rel}","templated":true}]}}