{"id":22745,"date":"2025-09-04T18:25:07","date_gmt":"2025-09-04T21:25:07","guid":{"rendered":"https:\/\/www.jardindelacosta.com.uy\/?post_type=product&#038;p=22745"},"modified":"2025-09-04T20:12:48","modified_gmt":"2025-09-04T23:12:48","slug":"jazmin-del-cabo-2","status":"publish","type":"product","link":"https:\/\/www.jardindelacosta.com.uy\/?product=jazmin-del-cabo-2","title":{"rendered":"Jazm\u00edn del cabo"},"content":{"rendered":"<div>\n<p><strong>Nombre cient\u00edfico: <\/strong>Gardenia jasminoides<\/p>\n<\/div>\n<div>\n<p><strong>Familia:<\/strong><span class=\"apple-converted-space\"> <span data-sheets-root=\"1\">rubi\u00e1ceas<\/span><\/span><\/p>\n<\/div>\n<div>\n<p><strong>Follaje:<\/strong><span class=\"apple-converted-space\"> <span data-sheets-root=\"1\">Persistente<\/span><\/span><\/p>\n<\/div>\n<div>\n<p><strong>Fructificaci\u00f3n:<\/strong><span class=\"apple-converted-space\"> Primavera-Verano<\/span><\/p>\n<\/div>\n<div>\n<p><strong>Floraci\u00f3n:<\/strong><span class=\"apple-converted-space\"> <span data-sheets-root=\"1\">Verano<\/span><\/span><\/p>\n<\/div>\n<div>\n<p><strong>Colores Floraci\u00f3n:<\/strong><span class=\"apple-converted-space\"> <span data-sheets-root=\"1\">Blanca<\/span><\/span><\/p>\n<\/div>\n<div>\n<p>&nbsp;<\/p>\n<\/div>\n","protected":false},"excerpt":{"rendered":"<p>Nombre cient\u00edfico: Gardenia jasminoides Familia: rubi\u00e1ceas Follaje: Persistente Fructificaci\u00f3n: Primavera-Verano Floraci\u00f3n: Verano Colores Floraci\u00f3n: Blanca &nbsp;<\/p>\n","protected":false},"featured_media":22737,"comment_status":"open","ping_status":"closed","template":"","meta":[],"product_brand":[],"product_cat":[73],"product_tag":[],"class_list":{"0":"post-22745","1":"product","2":"type-product","3":"status-publish","4":"has-post-thumbnail","6":"product_cat-ofertas","8":"first","9":"instock","10":"sale","11":"shipping-taxable","12":"purchasable","13":"product-type-simple"},"jetpack_sharing_enabled":true,"_links":{"self":[{"href":"https:\/\/www.jardindelacosta.com.uy\/index.php?rest_route=\/wp\/v2\/product\/22745","targetHints":{"allow":["GET"]}}],"collection":[{"href":"https:\/\/www.jardindelacosta.com.uy\/index.php?rest_route=\/wp\/v2\/product"}],"about":[{"href":"https:\/\/www.jardindelacosta.com.uy\/index.php?rest_route=\/wp\/v2\/types\/product"}],"replies":[{"embeddable":true,"href":"https:\/\/www.jardindelacosta.com.uy\/index.php?rest_route=%2Fwp%2Fv2%2Fcomments&post=22745"}],"wp:featuredmedia":[{"embeddable":true,"href":"https:\/\/www.jardindelacosta.com.uy\/index.php?rest_route=\/wp\/v2\/media\/22737"}],"wp:attachment":[{"href":"https:\/\/www.jardindelacosta.com.uy\/index.php?rest_route=%2Fwp%2Fv2%2Fmedia&parent=22745"}],"wp:term":[{"taxonomy":"product_brand","embeddable":true,"href":"https:\/\/www.jardindelacosta.com.uy\/index.php?rest_route=%2Fwp%2Fv2%2Fproduct_brand&post=22745"},{"taxonomy":"product_cat","embeddable":true,"href":"https:\/\/www.jardindelacosta.com.uy\/index.php?rest_route=%2Fwp%2Fv2%2Fproduct_cat&post=22745"},{"taxonomy":"product_tag","embeddable":true,"href":"https:\/\/www.jardindelacosta.com.uy\/index.php?rest_route=%2Fwp%2Fv2%2Fproduct_tag&post=22745"}],"curies":[{"name":"wp","href":"https:\/\/api.w.org\/{rel}","templated":true}]}}