{"id":22855,"date":"2025-09-18T19:53:56","date_gmt":"2025-09-18T22:53:56","guid":{"rendered":"https:\/\/www.jardindelacosta.com.uy\/?post_type=product&#038;p=22855"},"modified":"2025-09-18T19:53:57","modified_gmt":"2025-09-18T22:53:57","slug":"tomate-cherry-amarillo","status":"publish","type":"product","link":"https:\/\/www.jardindelacosta.com.uy\/?product=tomate-cherry-amarillo","title":{"rendered":"Tomate cherry amarillo"},"content":{"rendered":"<p>Tomate Cherry Amarillo Broad Ripple Yellow Currant! Estas semillas org\u00e1nicas te permitir\u00e1n cultivar unos de los tomates m\u00e1s lindos y deliciosos. Aparentemente, esta variedad fue encontrada creciendo en una grieta de la vereda en la ciudad de Broad Ripple, Indian\u00e1polis, en la d\u00e9cada de 1900. Las plantas producen cientos de tomates Cherry amarillos casi transl\u00facidos en racimos de 6 a 8 tomates. Son tomates de bajo contenido \u00e1cido, dulcemente deliciosos y perfectos para comer mientras caminas por el jard\u00edn. Adem\u00e1s, son ideales para cultivar en macetas en tu patio o balc\u00f3n. \u00a1Son muy resistentes y pueden llegar a producir hasta 7 kg por planta!<\/p>\n<p>Consejos de cultivo:<\/p>\n<ul>\n<li>Comience la siembra en alm\u00e1cigo protegido de las temperaturas fr\u00edas, debe estar sobre 20\u00b0C para una r\u00e1pida germinaci\u00f3n. El tiempo ideal es desde septiembre hasta diciembre. Se puede empezar a sembrar de 6 a 10 semanas antes de la \u00faltima helada.<\/li>\n<\/ul>\n<p>\u2022Los tomates tienen un buen desarrollo en suelos ricos y bien drenados.<\/p>\n","protected":false},"excerpt":{"rendered":"<p>Tomate Cherry Amarillo Broad Ripple Yellow Currant! Estas semillas org\u00e1nicas te permitir\u00e1n cultivar unos de los tomates m\u00e1s lindos y<\/p>\n","protected":false},"featured_media":22856,"comment_status":"open","ping_status":"closed","template":"","meta":[],"product_brand":[],"product_cat":[72],"product_tag":[],"class_list":{"0":"post-22855","1":"product","2":"type-product","3":"status-publish","4":"has-post-thumbnail","6":"product_cat-semillas","8":"first","9":"instock","10":"shipping-taxable","11":"purchasable","12":"product-type-simple"},"jetpack_sharing_enabled":true,"_links":{"self":[{"href":"https:\/\/www.jardindelacosta.com.uy\/index.php?rest_route=\/wp\/v2\/product\/22855","targetHints":{"allow":["GET"]}}],"collection":[{"href":"https:\/\/www.jardindelacosta.com.uy\/index.php?rest_route=\/wp\/v2\/product"}],"about":[{"href":"https:\/\/www.jardindelacosta.com.uy\/index.php?rest_route=\/wp\/v2\/types\/product"}],"replies":[{"embeddable":true,"href":"https:\/\/www.jardindelacosta.com.uy\/index.php?rest_route=%2Fwp%2Fv2%2Fcomments&post=22855"}],"wp:featuredmedia":[{"embeddable":true,"href":"https:\/\/www.jardindelacosta.com.uy\/index.php?rest_route=\/wp\/v2\/media\/22856"}],"wp:attachment":[{"href":"https:\/\/www.jardindelacosta.com.uy\/index.php?rest_route=%2Fwp%2Fv2%2Fmedia&parent=22855"}],"wp:term":[{"taxonomy":"product_brand","embeddable":true,"href":"https:\/\/www.jardindelacosta.com.uy\/index.php?rest_route=%2Fwp%2Fv2%2Fproduct_brand&post=22855"},{"taxonomy":"product_cat","embeddable":true,"href":"https:\/\/www.jardindelacosta.com.uy\/index.php?rest_route=%2Fwp%2Fv2%2Fproduct_cat&post=22855"},{"taxonomy":"product_tag","embeddable":true,"href":"https:\/\/www.jardindelacosta.com.uy\/index.php?rest_route=%2Fwp%2Fv2%2Fproduct_tag&post=22855"}],"curies":[{"name":"wp","href":"https:\/\/api.w.org\/{rel}","templated":true}]}}