{"id":22892,"date":"2025-09-18T20:36:10","date_gmt":"2025-09-18T23:36:10","guid":{"rendered":"https:\/\/www.jardindelacosta.com.uy\/?post_type=product&#038;p=22892"},"modified":"2025-09-18T20:36:10","modified_gmt":"2025-09-18T23:36:10","slug":"tomate-tlacolula","status":"publish","type":"product","link":"https:\/\/www.jardindelacosta.com.uy\/?product=tomate-tlacolula","title":{"rendered":"Tomate tlacolula"},"content":{"rendered":"<p>Este tomate mexicano agrada a todos los jardineros con su forma original y sabor espectacular.<\/p>\n<p>Consejos de cultivo:<\/p>\n<ul>\n<li>Comience la siembra en alm\u00e1cigo protegido de las temperaturas fr\u00edas, debe estar sobre 20\u00b0C para una r\u00e1pida germinaci\u00f3n. El tiempo ideal es desde septiembre hasta diciembre. Se puede empezar a sembrar de 6 a 10 semanas antes de la \u00faltima helada.<\/li>\n<li>Los tomates tienen un buen desarrollo en suelos ricos y bien drenados.<\/li>\n<\/ul>\n","protected":false},"excerpt":{"rendered":"<p>Este tomate mexicano agrada a todos los jardineros con su forma original y sabor espectacular. Consejos de cultivo: Comience la<\/p>\n","protected":false},"featured_media":22893,"comment_status":"open","ping_status":"closed","template":"","meta":[],"product_brand":[],"product_cat":[72],"product_tag":[],"class_list":{"0":"post-22892","1":"product","2":"type-product","3":"status-publish","4":"has-post-thumbnail","6":"product_cat-semillas","8":"first","9":"instock","10":"shipping-taxable","11":"purchasable","12":"product-type-simple"},"jetpack_sharing_enabled":true,"_links":{"self":[{"href":"https:\/\/www.jardindelacosta.com.uy\/index.php?rest_route=\/wp\/v2\/product\/22892","targetHints":{"allow":["GET"]}}],"collection":[{"href":"https:\/\/www.jardindelacosta.com.uy\/index.php?rest_route=\/wp\/v2\/product"}],"about":[{"href":"https:\/\/www.jardindelacosta.com.uy\/index.php?rest_route=\/wp\/v2\/types\/product"}],"replies":[{"embeddable":true,"href":"https:\/\/www.jardindelacosta.com.uy\/index.php?rest_route=%2Fwp%2Fv2%2Fcomments&post=22892"}],"wp:featuredmedia":[{"embeddable":true,"href":"https:\/\/www.jardindelacosta.com.uy\/index.php?rest_route=\/wp\/v2\/media\/22893"}],"wp:attachment":[{"href":"https:\/\/www.jardindelacosta.com.uy\/index.php?rest_route=%2Fwp%2Fv2%2Fmedia&parent=22892"}],"wp:term":[{"taxonomy":"product_brand","embeddable":true,"href":"https:\/\/www.jardindelacosta.com.uy\/index.php?rest_route=%2Fwp%2Fv2%2Fproduct_brand&post=22892"},{"taxonomy":"product_cat","embeddable":true,"href":"https:\/\/www.jardindelacosta.com.uy\/index.php?rest_route=%2Fwp%2Fv2%2Fproduct_cat&post=22892"},{"taxonomy":"product_tag","embeddable":true,"href":"https:\/\/www.jardindelacosta.com.uy\/index.php?rest_route=%2Fwp%2Fv2%2Fproduct_tag&post=22892"}],"curies":[{"name":"wp","href":"https:\/\/api.w.org\/{rel}","templated":true}]}}