{"id":22894,"date":"2025-09-18T20:38:06","date_gmt":"2025-09-18T23:38:06","guid":{"rendered":"https:\/\/www.jardindelacosta.com.uy\/?post_type=product&#038;p=22894"},"modified":"2025-09-18T20:38:38","modified_gmt":"2025-09-18T23:38:38","slug":"tomate-black-beauty","status":"publish","type":"product","link":"https:\/\/www.jardindelacosta.com.uy\/?product=tomate-black-beauty","title":{"rendered":"Tomate black beauty"},"content":{"rendered":"<p>\u00a1El tomate m\u00e1s oscuro que conocemos! Un tomate oscuro, carnoso, de pulpa muy rica y con una expresi\u00f3n extrema de antocianinas (mismo antioxidante en ar\u00e1ndanos y moras).<\/p>\n<p>Tan oscuro que algunos tomates se vuelven de color negro azulado s\u00f3lido en la piel. La pulpa tiene un color rojo intenso y se encuentra entre los tomates con mejor sabor.<\/p>\n<p>Consejos de cultivo:<\/p>\n<ul>\n<li>Comience la siembra en alm\u00e1cigo protegido de las temperaturas fr\u00edas, debe estar sobre 20\u00b0C para una r\u00e1pida germinaci\u00f3n. El tiempo ideal es desde septiembre hasta diciembre. Se puede empezar a sembrar de 6 a 10 semanas antes de la \u00faltima helada.<\/li>\n<li>Los tomates tienen un buen desarrollo en suelos ricos y bien drenados.<\/li>\n<\/ul>\n","protected":false},"excerpt":{"rendered":"<p>\u00a1El tomate m\u00e1s oscuro que conocemos! Un tomate oscuro, carnoso, de pulpa muy rica y con una expresi\u00f3n extrema de<\/p>\n","protected":false},"featured_media":22895,"comment_status":"open","ping_status":"closed","template":"","meta":[],"product_brand":[],"product_cat":[72],"product_tag":[],"class_list":{"0":"post-22894","1":"product","2":"type-product","3":"status-publish","4":"has-post-thumbnail","6":"product_cat-semillas","8":"first","9":"instock","10":"shipping-taxable","11":"purchasable","12":"product-type-simple"},"jetpack_sharing_enabled":true,"_links":{"self":[{"href":"https:\/\/www.jardindelacosta.com.uy\/index.php?rest_route=\/wp\/v2\/product\/22894","targetHints":{"allow":["GET"]}}],"collection":[{"href":"https:\/\/www.jardindelacosta.com.uy\/index.php?rest_route=\/wp\/v2\/product"}],"about":[{"href":"https:\/\/www.jardindelacosta.com.uy\/index.php?rest_route=\/wp\/v2\/types\/product"}],"replies":[{"embeddable":true,"href":"https:\/\/www.jardindelacosta.com.uy\/index.php?rest_route=%2Fwp%2Fv2%2Fcomments&post=22894"}],"wp:featuredmedia":[{"embeddable":true,"href":"https:\/\/www.jardindelacosta.com.uy\/index.php?rest_route=\/wp\/v2\/media\/22895"}],"wp:attachment":[{"href":"https:\/\/www.jardindelacosta.com.uy\/index.php?rest_route=%2Fwp%2Fv2%2Fmedia&parent=22894"}],"wp:term":[{"taxonomy":"product_brand","embeddable":true,"href":"https:\/\/www.jardindelacosta.com.uy\/index.php?rest_route=%2Fwp%2Fv2%2Fproduct_brand&post=22894"},{"taxonomy":"product_cat","embeddable":true,"href":"https:\/\/www.jardindelacosta.com.uy\/index.php?rest_route=%2Fwp%2Fv2%2Fproduct_cat&post=22894"},{"taxonomy":"product_tag","embeddable":true,"href":"https:\/\/www.jardindelacosta.com.uy\/index.php?rest_route=%2Fwp%2Fv2%2Fproduct_tag&post=22894"}],"curies":[{"name":"wp","href":"https:\/\/api.w.org\/{rel}","templated":true}]}}