{"id":22903,"date":"2025-09-25T17:17:01","date_gmt":"2025-09-25T20:17:01","guid":{"rendered":"https:\/\/www.jardindelacosta.com.uy\/?post_type=product&#038;p=22903"},"modified":"2025-09-25T17:17:01","modified_gmt":"2025-09-25T20:17:01","slug":"turba-de-musgo-sphagnum-fueguina-terrafertil-2","status":"publish","type":"product","link":"https:\/\/www.jardindelacosta.com.uy\/?product=turba-de-musgo-sphagnum-fueguina-terrafertil-2","title":{"rendered":"Turba de Musgo Sphagnum Fueguina Terraf\u00e9rtil"},"content":{"rendered":"<h3>Beneficios<\/h3>\n<ul class=\"lista \">\n<li>La Turba de Musgo Sphagnum Fueguina ofrece alta retenci\u00f3n de agua.<\/li>\n<li>Debido a su alta capacidad de intercambio cati\u00f3nico permite liberar gradualmente los elementos nutricionales presentes.<\/li>\n<li>Aporta porosidad.<\/li>\n<li>Disminuye el pH. Ideal para Azaleas, Helechos, Bromelias, Camelias y Violeta de los alpes, entre otras.<\/li>\n<li>Es cosechada bajo estrictos procedimientos que garantizaran el \u00e9xito de la restauraci\u00f3n y rehabilitaci\u00f3n futura de esos ecosistemas.<\/li>\n<\/ul>\n","protected":false},"excerpt":{"rendered":"<p>Beneficios La Turba de Musgo Sphagnum Fueguina ofrece alta retenci\u00f3n de agua. Debido a su alta capacidad de intercambio cati\u00f3nico<\/p>\n","protected":false},"featured_media":22904,"comment_status":"open","ping_status":"closed","template":"","meta":[],"product_brand":[],"product_cat":[70],"product_tag":[],"class_list":{"0":"post-22903","1":"product","2":"type-product","3":"status-publish","4":"has-post-thumbnail","6":"product_cat-insumos","8":"first","9":"instock","10":"shipping-taxable","11":"purchasable","12":"product-type-simple"},"jetpack_sharing_enabled":true,"_links":{"self":[{"href":"https:\/\/www.jardindelacosta.com.uy\/index.php?rest_route=\/wp\/v2\/product\/22903","targetHints":{"allow":["GET"]}}],"collection":[{"href":"https:\/\/www.jardindelacosta.com.uy\/index.php?rest_route=\/wp\/v2\/product"}],"about":[{"href":"https:\/\/www.jardindelacosta.com.uy\/index.php?rest_route=\/wp\/v2\/types\/product"}],"replies":[{"embeddable":true,"href":"https:\/\/www.jardindelacosta.com.uy\/index.php?rest_route=%2Fwp%2Fv2%2Fcomments&post=22903"}],"wp:featuredmedia":[{"embeddable":true,"href":"https:\/\/www.jardindelacosta.com.uy\/index.php?rest_route=\/wp\/v2\/media\/22904"}],"wp:attachment":[{"href":"https:\/\/www.jardindelacosta.com.uy\/index.php?rest_route=%2Fwp%2Fv2%2Fmedia&parent=22903"}],"wp:term":[{"taxonomy":"product_brand","embeddable":true,"href":"https:\/\/www.jardindelacosta.com.uy\/index.php?rest_route=%2Fwp%2Fv2%2Fproduct_brand&post=22903"},{"taxonomy":"product_cat","embeddable":true,"href":"https:\/\/www.jardindelacosta.com.uy\/index.php?rest_route=%2Fwp%2Fv2%2Fproduct_cat&post=22903"},{"taxonomy":"product_tag","embeddable":true,"href":"https:\/\/www.jardindelacosta.com.uy\/index.php?rest_route=%2Fwp%2Fv2%2Fproduct_tag&post=22903"}],"curies":[{"name":"wp","href":"https:\/\/api.w.org\/{rel}","templated":true}]}}