{"id":22909,"date":"2025-09-25T17:29:29","date_gmt":"2025-09-25T20:29:29","guid":{"rendered":"https:\/\/www.jardindelacosta.com.uy\/?post_type=product&#038;p=22909"},"modified":"2025-09-25T17:29:30","modified_gmt":"2025-09-25T20:29:30","slug":"sustrato-huertas-terrafertil","status":"publish","type":"product","link":"https:\/\/www.jardindelacosta.com.uy\/?product=sustrato-huertas-terrafertil","title":{"rendered":"Sustrato Huertas Terraf\u00e9rtil"},"content":{"rendered":"<p class=\"p1\">Sustrato ideal para el trasplante de plantines hort\u00edcolas a su lugar definitivo y siembra directa de aquellas especies que no resisten el trasplante. Su composici\u00f3n y granulometr\u00eda permiten garantizar la disponibilidad de nutrientes y el equilibrio justo entre porosidad de agua y aire en el cultivo de hortalizas en cajones y contenedores medianos y grandes.<\/p>\n","protected":false},"excerpt":{"rendered":"<p>Sustrato ideal para el trasplante de plantines hort\u00edcolas a su lugar definitivo y siembra directa de aquellas especies que no<\/p>\n","protected":false},"featured_media":22910,"comment_status":"open","ping_status":"closed","template":"","meta":[],"product_brand":[],"product_cat":[70],"product_tag":[],"class_list":{"0":"post-22909","1":"product","2":"type-product","3":"status-publish","4":"has-post-thumbnail","6":"product_cat-insumos","8":"first","9":"instock","10":"shipping-taxable","11":"purchasable","12":"product-type-simple"},"jetpack_sharing_enabled":true,"_links":{"self":[{"href":"https:\/\/www.jardindelacosta.com.uy\/index.php?rest_route=\/wp\/v2\/product\/22909","targetHints":{"allow":["GET"]}}],"collection":[{"href":"https:\/\/www.jardindelacosta.com.uy\/index.php?rest_route=\/wp\/v2\/product"}],"about":[{"href":"https:\/\/www.jardindelacosta.com.uy\/index.php?rest_route=\/wp\/v2\/types\/product"}],"replies":[{"embeddable":true,"href":"https:\/\/www.jardindelacosta.com.uy\/index.php?rest_route=%2Fwp%2Fv2%2Fcomments&post=22909"}],"wp:featuredmedia":[{"embeddable":true,"href":"https:\/\/www.jardindelacosta.com.uy\/index.php?rest_route=\/wp\/v2\/media\/22910"}],"wp:attachment":[{"href":"https:\/\/www.jardindelacosta.com.uy\/index.php?rest_route=%2Fwp%2Fv2%2Fmedia&parent=22909"}],"wp:term":[{"taxonomy":"product_brand","embeddable":true,"href":"https:\/\/www.jardindelacosta.com.uy\/index.php?rest_route=%2Fwp%2Fv2%2Fproduct_brand&post=22909"},{"taxonomy":"product_cat","embeddable":true,"href":"https:\/\/www.jardindelacosta.com.uy\/index.php?rest_route=%2Fwp%2Fv2%2Fproduct_cat&post=22909"},{"taxonomy":"product_tag","embeddable":true,"href":"https:\/\/www.jardindelacosta.com.uy\/index.php?rest_route=%2Fwp%2Fv2%2Fproduct_tag&post=22909"}],"curies":[{"name":"wp","href":"https:\/\/api.w.org\/{rel}","templated":true}]}}