{"id":22911,"date":"2025-09-25T17:48:34","date_gmt":"2025-09-25T20:48:34","guid":{"rendered":"https:\/\/www.jardindelacosta.com.uy\/?post_type=product&#038;p=22911"},"modified":"2025-09-25T17:48:35","modified_gmt":"2025-09-25T20:48:35","slug":"sustrato-iniciador-de-huertas-terrafertil","status":"publish","type":"product","link":"https:\/\/www.jardindelacosta.com.uy\/?product=sustrato-iniciador-de-huertas-terrafertil","title":{"rendered":"Sustrato Iniciador de Huertas Terraf\u00e9rtil"},"content":{"rendered":"<p class=\"p1\">Sustrato especialmente dise\u00f1ado para la etapa de germinaci\u00f3n de vegetales, flores y hierbas en bandejas o contenedores de siembra. Sus propiedades f\u00edsicas, qu\u00edmicas y biol\u00f3gicas permiten un r\u00e1pido desarrollo radicular y correcto armado del cepell\u00f3n, garantizando el \u00e9xito del trasplante posterior del plant\u00edn. Se encuentra enriquecido con extracto de algas Durvillea ant\u00e1rtica que le otorgan propiedades bioestimulantes al medio de cultivo, activando el metabolismo general y reforzando las defensas naturales de la planta contra situaciones de estr\u00e9s, ya sea por desequilibrios qu\u00edmicos o ataque de plagas y enfermedades.<\/p>\n","protected":false},"excerpt":{"rendered":"<p>Sustrato especialmente dise\u00f1ado para la etapa de germinaci\u00f3n de vegetales, flores y hierbas en bandejas o contenedores de siembra. Sus<\/p>\n","protected":false},"featured_media":22912,"comment_status":"open","ping_status":"closed","template":"","meta":[],"product_brand":[],"product_cat":[70],"product_tag":[],"class_list":{"0":"post-22911","1":"product","2":"type-product","3":"status-publish","4":"has-post-thumbnail","6":"product_cat-insumos","8":"first","9":"instock","10":"shipping-taxable","11":"purchasable","12":"product-type-simple"},"jetpack_sharing_enabled":true,"_links":{"self":[{"href":"https:\/\/www.jardindelacosta.com.uy\/index.php?rest_route=\/wp\/v2\/product\/22911","targetHints":{"allow":["GET"]}}],"collection":[{"href":"https:\/\/www.jardindelacosta.com.uy\/index.php?rest_route=\/wp\/v2\/product"}],"about":[{"href":"https:\/\/www.jardindelacosta.com.uy\/index.php?rest_route=\/wp\/v2\/types\/product"}],"replies":[{"embeddable":true,"href":"https:\/\/www.jardindelacosta.com.uy\/index.php?rest_route=%2Fwp%2Fv2%2Fcomments&post=22911"}],"wp:featuredmedia":[{"embeddable":true,"href":"https:\/\/www.jardindelacosta.com.uy\/index.php?rest_route=\/wp\/v2\/media\/22912"}],"wp:attachment":[{"href":"https:\/\/www.jardindelacosta.com.uy\/index.php?rest_route=%2Fwp%2Fv2%2Fmedia&parent=22911"}],"wp:term":[{"taxonomy":"product_brand","embeddable":true,"href":"https:\/\/www.jardindelacosta.com.uy\/index.php?rest_route=%2Fwp%2Fv2%2Fproduct_brand&post=22911"},{"taxonomy":"product_cat","embeddable":true,"href":"https:\/\/www.jardindelacosta.com.uy\/index.php?rest_route=%2Fwp%2Fv2%2Fproduct_cat&post=22911"},{"taxonomy":"product_tag","embeddable":true,"href":"https:\/\/www.jardindelacosta.com.uy\/index.php?rest_route=%2Fwp%2Fv2%2Fproduct_tag&post=22911"}],"curies":[{"name":"wp","href":"https:\/\/api.w.org\/{rel}","templated":true}]}}