{"id":22913,"date":"2025-09-25T17:51:16","date_gmt":"2025-09-25T20:51:16","guid":{"rendered":"https:\/\/www.jardindelacosta.com.uy\/?post_type=product&#038;p=22913"},"modified":"2025-09-25T17:51:16","modified_gmt":"2025-09-25T20:51:16","slug":"sustrato-arboles-y-arbustos-terrafertil","status":"publish","type":"product","link":"https:\/\/www.jardindelacosta.com.uy\/?product=sustrato-arboles-y-arbustos-terrafertil","title":{"rendered":"Sustrato Arboles y Arbustos Terraf\u00e9rtil"},"content":{"rendered":"<p class=\"p1\">Sustrato para utilizar en contenedores, de mediano y gran tama\u00f1o, para la plantaci\u00f3n de especies arbustivas y arb\u00f3reas. Sus propiedades f\u00edsicas y qu\u00edmicas son ideales para garantizar las condiciones \u00f3ptimas para el crecimiento de plantas plurianuales.<\/p>\n","protected":false},"excerpt":{"rendered":"<p>Sustrato para utilizar en contenedores, de mediano y gran tama\u00f1o, para la plantaci\u00f3n de especies arbustivas y arb\u00f3reas. Sus propiedades<\/p>\n","protected":false},"featured_media":22914,"comment_status":"open","ping_status":"closed","template":"","meta":[],"product_brand":[],"product_cat":[70],"product_tag":[],"class_list":{"0":"post-22913","1":"product","2":"type-product","3":"status-publish","4":"has-post-thumbnail","6":"product_cat-insumos","8":"first","9":"instock","10":"shipping-taxable","11":"purchasable","12":"product-type-simple"},"jetpack_sharing_enabled":true,"_links":{"self":[{"href":"https:\/\/www.jardindelacosta.com.uy\/index.php?rest_route=\/wp\/v2\/product\/22913","targetHints":{"allow":["GET"]}}],"collection":[{"href":"https:\/\/www.jardindelacosta.com.uy\/index.php?rest_route=\/wp\/v2\/product"}],"about":[{"href":"https:\/\/www.jardindelacosta.com.uy\/index.php?rest_route=\/wp\/v2\/types\/product"}],"replies":[{"embeddable":true,"href":"https:\/\/www.jardindelacosta.com.uy\/index.php?rest_route=%2Fwp%2Fv2%2Fcomments&post=22913"}],"wp:featuredmedia":[{"embeddable":true,"href":"https:\/\/www.jardindelacosta.com.uy\/index.php?rest_route=\/wp\/v2\/media\/22914"}],"wp:attachment":[{"href":"https:\/\/www.jardindelacosta.com.uy\/index.php?rest_route=%2Fwp%2Fv2%2Fmedia&parent=22913"}],"wp:term":[{"taxonomy":"product_brand","embeddable":true,"href":"https:\/\/www.jardindelacosta.com.uy\/index.php?rest_route=%2Fwp%2Fv2%2Fproduct_brand&post=22913"},{"taxonomy":"product_cat","embeddable":true,"href":"https:\/\/www.jardindelacosta.com.uy\/index.php?rest_route=%2Fwp%2Fv2%2Fproduct_cat&post=22913"},{"taxonomy":"product_tag","embeddable":true,"href":"https:\/\/www.jardindelacosta.com.uy\/index.php?rest_route=%2Fwp%2Fv2%2Fproduct_tag&post=22913"}],"curies":[{"name":"wp","href":"https:\/\/api.w.org\/{rel}","templated":true}]}}