{"id":22939,"date":"2025-09-25T20:37:03","date_gmt":"2025-09-25T23:37:03","guid":{"rendered":"https:\/\/www.jardindelacosta.com.uy\/?post_type=product&#038;p=22939"},"modified":"2025-09-25T20:37:04","modified_gmt":"2025-09-25T23:37:04","slug":"activador-floral-crece-mas","status":"publish","type":"product","link":"https:\/\/www.jardindelacosta.com.uy\/?product=activador-floral-crece-mas","title":{"rendered":"Activador floral &#8211; CRECE M\u00c1S"},"content":{"rendered":"<ul>\n<li>\u00a0Estimula r\u00e1pida floraci\u00f3n.<\/li>\n<li>Flores m\u00e1s grandes y colores m\u00e1s intensos.<\/li>\n<li>Para plantas en macetas o en tierra.<\/li>\n<\/ul>\n","protected":false},"excerpt":{"rendered":"<p>\u00a0Estimula r\u00e1pida floraci\u00f3n. Flores m\u00e1s grandes y colores m\u00e1s intensos. Para plantas en macetas o en tierra.<\/p>\n","protected":false},"featured_media":22940,"comment_status":"open","ping_status":"closed","template":"","meta":[],"product_brand":[],"product_cat":[70],"product_tag":[],"class_list":{"0":"post-22939","1":"product","2":"type-product","3":"status-publish","4":"has-post-thumbnail","6":"product_cat-insumos","8":"first","9":"instock","10":"shipping-taxable","11":"purchasable","12":"product-type-simple"},"jetpack_sharing_enabled":true,"_links":{"self":[{"href":"https:\/\/www.jardindelacosta.com.uy\/index.php?rest_route=\/wp\/v2\/product\/22939","targetHints":{"allow":["GET"]}}],"collection":[{"href":"https:\/\/www.jardindelacosta.com.uy\/index.php?rest_route=\/wp\/v2\/product"}],"about":[{"href":"https:\/\/www.jardindelacosta.com.uy\/index.php?rest_route=\/wp\/v2\/types\/product"}],"replies":[{"embeddable":true,"href":"https:\/\/www.jardindelacosta.com.uy\/index.php?rest_route=%2Fwp%2Fv2%2Fcomments&post=22939"}],"wp:featuredmedia":[{"embeddable":true,"href":"https:\/\/www.jardindelacosta.com.uy\/index.php?rest_route=\/wp\/v2\/media\/22940"}],"wp:attachment":[{"href":"https:\/\/www.jardindelacosta.com.uy\/index.php?rest_route=%2Fwp%2Fv2%2Fmedia&parent=22939"}],"wp:term":[{"taxonomy":"product_brand","embeddable":true,"href":"https:\/\/www.jardindelacosta.com.uy\/index.php?rest_route=%2Fwp%2Fv2%2Fproduct_brand&post=22939"},{"taxonomy":"product_cat","embeddable":true,"href":"https:\/\/www.jardindelacosta.com.uy\/index.php?rest_route=%2Fwp%2Fv2%2Fproduct_cat&post=22939"},{"taxonomy":"product_tag","embeddable":true,"href":"https:\/\/www.jardindelacosta.com.uy\/index.php?rest_route=%2Fwp%2Fv2%2Fproduct_tag&post=22939"}],"curies":[{"name":"wp","href":"https:\/\/api.w.org\/{rel}","templated":true}]}}